{"id":104,"date":"2026-02-25T17:12:21","date_gmt":"2026-02-25T16:12:21","guid":{"rendered":"https:\/\/szpitalbus.pl\/?page_id=104"},"modified":"2026-03-25T16:48:56","modified_gmt":"2026-03-25T15:48:56","slug":"kup-bilet-online-2","status":"publish","type":"page","link":"https:\/\/szpitalbus.pl\/?page_id=104","title":{"rendered":"Bilety i rezerwacje"},"content":{"rendered":"\n<p>Z\u0142\u00f3\u017c zam\u00f3wienie rezerwacji przejazdu przez formularz. Odpowied\u017a przyjdzie na podany adres e-mail i tam b\u0119dzie si\u0119 odbywa\u0142 dalszy kontakt.<\/p>\n\n\n\n<h3 class=\"wp-block-heading\">Rezerwacja miejsca na istniej\u0105cy kurs<\/h3>\n\n\n\n<p>Zarezerwuj przejazd na istniej\u0105cy kurs w rozk\u0142adzie jazdy. Podaj dat\u0119, numer kursu, miejscowo\u015b\u0107 odjazdu i przyjazdu, przystanek pocz\u0105tkowy i ko\u0144cowy &#8211; odczytaj te dane z rozk\u0142adu jazdy.  Poinformuj te\u017c, je\u015bli jest konieczno\u015b\u0107 zmiany trasy przejazdu lub godziny odjazdu.<br><br>Je\u015bli zamawiasz przejazd grupowy, to podaj dane o przystankach wsiadania i wysiadania dla ka\u017cdego zam\u00f3wienia. Przejazd grupowy mo\u017cna zam\u00f3wi\u0107 wtedy, gdy miejscowo\u015b\u0107 wsiadania i wysiadania dla ka\u017cdej rezerwacji jest taka sama. Przystanki w obr\u0119bie tych miejscowo\u015bci nie musz\u0105 by\u0107 takie same.<br><br>W razie potrzeby dodaj informacje o dodatkowych us\u0142ugach: <br>* zatrzymanie poza przystankiem<br>* zatrzymanie na dodatkowym przystanku (gdy w rozk\u0142adzie jazdy jest ten przystanek, ale nie ma godziny odjazdu)<br>* zjazd z trasy do innej miejscowo\u015bci<br>* dojazd w inne miejsce poza przystankiem<br>* fotelik dla dziecka<br>* przew\u00f3z nadbaga\u017cu (poza baga\u017cem mieszcz\u0105cym si\u0119 na kolanach i pod nogami)<br>* przew\u00f3z psa, kota lub innego zwierz\u0119cia<br>* przew\u00f3z paczki<br>* przew\u00f3z mebli i innych gabaryt\u00f3w, wyw\u00f3z na PSZOK i przew\u00f3z innych rzeczy <\/p>\n\n\n\n<h2 class=\"wp-block-heading has-terniary-color has-text-color has-link-color wp-elements-34b07e0b91ff3987366dc0ac74f072f0\">WYPE\u0141NIJ FORMULARZ REZERWACJI<\/h2>\n\n\n<style id=\"wpforms-css-vars-376-block-a0b05126-d7f8-4f6c-91eb-f676831f6f19\">\n\t\t\t\t#wpforms-376.wpforms-block-a0b05126-d7f8-4f6c-91eb-f676831f6f19 {\n\t\t\t\t--wpforms-field-size-input-height: 43px;\n--wpforms-field-size-input-spacing: 15px;\n--wpforms-field-size-font-size: 16px;\n--wpforms-field-size-line-height: 19px;\n--wpforms-field-size-padding-h: 14px;\n--wpforms-field-size-checkbox-size: 16px;\n--wpforms-field-size-sublabel-spacing: 5px;\n--wpforms-field-size-icon-size: 1;\n--wpforms-label-size-font-size: 16px;\n--wpforms-label-size-line-height: 19px;\n--wpforms-label-size-sublabel-font-size: 14px;\n--wpforms-label-size-sublabel-line-height: 17px;\n--wpforms-button-size-font-size: 17px;\n--wpforms-button-size-height: 41px;\n--wpforms-button-size-padding-h: 15px;\n--wpforms-button-size-margin-top: 10px;\n\t\t\t}\n\t\t\t<\/style><div class=\"wpforms-container wpforms-container-full wpforms-block wpforms-block-a0b05126-d7f8-4f6c-91eb-f676831f6f19 wpforms-render-modern\" id=\"wpforms-376\"><form id=\"wpforms-form-376\" class=\"wpforms-validate wpforms-form wpforms-ajax-form\" data-formid=\"376\" method=\"post\" enctype=\"multipart\/form-data\" action=\"\/index.php?rest_route=%2Fwp%2Fv2%2Fpages%2F104\" data-token=\"4fbca44a577a0d9e8fe52aeed51939c9\" data-token-time=\"1776601269\"><noscript class=\"wpforms-error-noscript\">Aby wype\u0142ni\u0107 ten formularz, w\u0142\u0105cz obs\u0142ug\u0119 JavaScript w przegl\u0105darce.<\/noscript><div id=\"wpforms-error-noscript\" style=\"display: none;\">Aby wype\u0142ni\u0107 ten formularz, w\u0142\u0105cz obs\u0142ug\u0119 JavaScript w przegl\u0105darce.<\/div><div class=\"wpforms-field-container\"><div id=\"wpforms-376-field_2-container\" class=\"wpforms-field wpforms-field-email\" data-field-id=\"2\"><fieldset><legend class=\"wpforms-field-label\">Adres e-mail <span class=\"wpforms-required-label\" aria-hidden=\"true\">*<\/span><\/legend><div class=\"wpforms-field-row wpforms-field-medium\"><div class=\"wpforms-field-row-block wpforms-one-half wpforms-first\"><input type=\"email\" id=\"wpforms-376-field_2\" class=\"wpforms-field-required wpforms-field-email-primary\" data-disable-suggestions=\"1\" name=\"wpforms[fields][2][primary]\" spellcheck=\"false\" aria-errormessage=\"wpforms-376-field_2-error\" aria-describedby=\"wpforms-376-field_2-description\" required><label for=\"wpforms-376-field_2\" class=\"wpforms-field-sublabel after\">Adres e-mail<\/label><\/div><div class=\"wpforms-field-row-block wpforms-one-half\"><input type=\"email\" id=\"wpforms-376-field_2-secondary\" class=\"wpforms-field-email-secondary wpforms-field-required\" data-rule-confirm=\"#wpforms-376-field_2\" data-disable-suggestions=\"1\" name=\"wpforms[fields][2][secondary]\" spellcheck=\"false\" aria-errormessage=\"wpforms-376-field_2-secondary-error\" aria-describedby=\"wpforms-376-field_2-description\" required><label for=\"wpforms-376-field_2-secondary\" class=\"wpforms-field-sublabel after\">Potwierd\u017a adres e-mail<\/label><\/div><\/div><div id=\"wpforms-376-field_2-description\" class=\"wpforms-field-description\">Podaj poprawny adres e-mail do kontaktu. Na ten adres otrzymasz odpowied\u017a.<\/div><\/fieldset><\/div><div id=\"wpforms-376-field_5-container\" class=\"wpforms-field wpforms-field-text\" data-field-id=\"5\"><label class=\"wpforms-field-label\" for=\"wpforms-376-field_5\">Data odjazdu <span class=\"wpforms-required-label\" aria-hidden=\"true\">*<\/span><\/label><input type=\"text\" id=\"wpforms-376-field_5\" class=\"wpforms-field-small wpforms-field-required wpforms-limit-characters-enabled\" data-form-id=\"376\" data-field-id=\"5\" data-text-limit=\"10\" name=\"wpforms[fields][5]\" aria-errormessage=\"wpforms-376-field_5-error\" aria-describedby=\"wpforms-376-field_5-description\" maxlength=\"10\" required><div id=\"wpforms-376-field_5-description\" class=\"wpforms-field-description\">Wprowad\u017a dat\u0119 w formacie DD.MM.RRRR, na przyk\u0142ad 31.03.2026<\/div><\/div><div id=\"wpforms-376-field_6-container\" class=\"wpforms-field wpforms-field-text\" data-field-id=\"6\"><label class=\"wpforms-field-label\" for=\"wpforms-376-field_6\">Numer kursu <span class=\"wpforms-required-label\" aria-hidden=\"true\">*<\/span><\/label><input type=\"text\" id=\"wpforms-376-field_6\" class=\"wpforms-field-small wpforms-field-required wpforms-limit-characters-enabled\" data-form-id=\"376\" data-field-id=\"6\" data-text-limit=\"7\" name=\"wpforms[fields][6]\" aria-errormessage=\"wpforms-376-field_6-error\" aria-describedby=\"wpforms-376-field_6-description\" maxlength=\"7\" required><div id=\"wpforms-376-field_6-description\" class=\"wpforms-field-description\">Podaj numer kursu w rozk\u0142adzie jazdy, np. WZSRB1T<\/div><\/div><div id=\"wpforms-376-field_7-container\" class=\"wpforms-field wpforms-field-name\" data-field-id=\"7\"><label class=\"wpforms-field-label\" for=\"wpforms-376-field_7\">Przystanek pocz\u0105tkowy <span class=\"wpforms-required-label\" aria-hidden=\"true\">*<\/span><\/label><input type=\"text\" id=\"wpforms-376-field_7\" class=\"wpforms-field-large wpforms-field-required\" name=\"wpforms[fields][7]\" aria-errormessage=\"wpforms-376-field_7-error\" aria-describedby=\"wpforms-376-field_7-description\" required><div id=\"wpforms-376-field_7-description\" class=\"wpforms-field-description\">Podaj przystanek pocz\u0105tkowy. Nazw\u0119 przystanku podaj z rozk\u0142adu jazdy.\nJe\u017celi chcesz wsiada\u0107 poza przystankiem, wpisz tylko nazw\u0119 miejscowo\u015bci, a szczeg\u00f3\u0142y uzupe\u0142nij poni\u017cej.<\/div><\/div><div id=\"wpforms-376-field_14-container\" class=\"wpforms-field wpforms-field-name\" data-field-id=\"14\"><label class=\"wpforms-field-label\" for=\"wpforms-376-field_14\">Przystanek ko\u0144cowy <span class=\"wpforms-required-label\" aria-hidden=\"true\">*<\/span><\/label><input type=\"text\" id=\"wpforms-376-field_14\" class=\"wpforms-field-large wpforms-field-required\" name=\"wpforms[fields][14]\" aria-errormessage=\"wpforms-376-field_14-error\" aria-describedby=\"wpforms-376-field_14-description\" required><div id=\"wpforms-376-field_14-description\" class=\"wpforms-field-description\">Podaj przystanek ko\u0144cowy. Nazw\u0119 przystanku podaj z rozk\u0142adu jazdy.\nJe\u017celi chcesz wysiada\u0107 poza przystankiem, wpisz tylko nazw\u0119 miejscowo\u015bci, a szczeg\u00f3\u0142y uzupe\u0142nij poni\u017cej.<\/div><\/div><div id=\"wpforms-376-field_10-container\" class=\"wpforms-field wpforms-field-textarea\" data-field-id=\"10\"><label class=\"wpforms-field-label\" for=\"wpforms-376-field_10\">Wsiadanie\/wysiadanie poza przystankiem<\/label><textarea id=\"wpforms-376-field_10\" class=\"wpforms-field-small\" name=\"wpforms[fields][10]\" aria-errormessage=\"wpforms-376-field_10-error\" aria-describedby=\"wpforms-376-field_10-description\" ><\/textarea><div id=\"wpforms-376-field_10-description\" class=\"wpforms-field-description\">Wype\u0142nij tylko wtedy, gdy chcesz wsiada\u0107 lub wysiada\u0107 poza przystankiem wskazanym w rozk\u0142adzie jazdy albo gdy przystanek nie ma wpisanej godziny odjazdu.<\/div><\/div>\t\t<div id=\"wpforms-376-field_1-container\"\n\t\t\tclass=\"wpforms-field wpforms-field-text\"\n\t\t\tdata-field-type=\"text\"\n\t\t\tdata-field-id=\"1\"\n\t\t\t>\n\t\t\t<label class=\"wpforms-field-label\" for=\"wpforms-376-field_1\" >Szczeg\u00f3\u0142y kursu Adres<\/label>\n\t\t\t<input type=\"text\" id=\"wpforms-376-field_1\" class=\"wpforms-field-medium\" name=\"wpforms[fields][1]\" >\n\t\t<\/div>\n\t\t<div id=\"wpforms-376-field_11-container\" class=\"wpforms-field wpforms-field-textarea\" data-field-id=\"11\"><label class=\"wpforms-field-label\" for=\"wpforms-376-field_11\">Zastrze\u017cenie godziny<\/label><textarea id=\"wpforms-376-field_11\" class=\"wpforms-field-small\" name=\"wpforms[fields][11]\" aria-errormessage=\"wpforms-376-field_11-error\" aria-describedby=\"wpforms-376-field_11-description\" ><\/textarea><div id=\"wpforms-376-field_11-description\" class=\"wpforms-field-description\">Podaj zakres godzin odjazdu z przystanku pocz\u0105tkowego lub dojazdu na przystanek ko\u0144cowy. Na przyk\u0142ad je\u015bli chcesz, \u017ceby przyjazd na przystanek ko\u0144cowy by\u0142 nie p\u00f3\u017aniej ni\u017c o 10:00. Je\u015bli b\u0119dzie to mo\u017cliwe, rozk\u0142ad jazdy zostanie tak dopasowany. Rzeczywista godzina przyjazdu lub odjazdu b\u0119dzie zale\u017ca\u0142a od aktualnej sytuacji drogowej.<\/div><\/div><div id=\"wpforms-376-field_8-container\" class=\"wpforms-field wpforms-field-checkbox wpforms-list-2-columns\" data-field-id=\"8\"><fieldset><legend class=\"wpforms-field-label\">Liczba os\u00f3b <span class=\"wpforms-required-label\" aria-hidden=\"true\">*<\/span><\/legend><ul id=\"wpforms-376-field_8\" class=\"wpforms-field-required\" data-choice-limit=\"1\"><li class=\"choice-1 depth-1 wpforms-selected\"><input type=\"checkbox\" id=\"wpforms-376-field_8_1\" data-rule-check-limit=\"true\" name=\"wpforms[fields][8][]\" value=\"Jedna osoba\" aria-errormessage=\"wpforms-376-field_8_1-error\" aria-describedby=\"wpforms-376-field_8-description\" required  checked='checked'><label class=\"wpforms-field-label-inline\" for=\"wpforms-376-field_8_1\">Jedna osoba<\/label><\/li><li class=\"choice-4 depth-1\"><input type=\"checkbox\" id=\"wpforms-376-field_8_4\" data-rule-check-limit=\"true\" name=\"wpforms[fields][8][]\" value=\"Przejazd grupowy\" aria-errormessage=\"wpforms-376-field_8_4-error\" aria-describedby=\"wpforms-376-field_8-description\" required ><label class=\"wpforms-field-label-inline\" for=\"wpforms-376-field_8_4\">Przejazd grupowy<\/label><\/li><\/ul><div id=\"wpforms-376-field_8-description\" class=\"wpforms-field-description\">Podaj, czy jest to zam\u00f3wienie grupowe.<\/div><\/fieldset><\/div><div id=\"wpforms-376-field_9-container\" class=\"wpforms-field wpforms-field-textarea\" data-field-id=\"9\"><label class=\"wpforms-field-label\" for=\"wpforms-376-field_9\">Szczeg\u00f3\u0142y przejazdu grupowego<\/label><textarea id=\"wpforms-376-field_9\" class=\"wpforms-field-small\" name=\"wpforms[fields][9]\" aria-errormessage=\"wpforms-376-field_9-error\" aria-describedby=\"wpforms-376-field_9-description\" ><\/textarea><div id=\"wpforms-376-field_9-description\" class=\"wpforms-field-description\">Wype\u0142nij tylko wtedy, gdy zamawiasz przejazd grupowy. Podaj przystanek wsiadania i wysiadania dla ka\u017cdej osoby oraz ewentualne us\u0142ugi dodatkowe dla poszczeg\u00f3lnych os\u00f3b.<\/div><\/div><div id=\"wpforms-376-field_3-container\" class=\"wpforms-field wpforms-field-textarea\" data-field-id=\"3\"><label class=\"wpforms-field-label\" for=\"wpforms-376-field_3\">Informacje dodatkowe<\/label><textarea id=\"wpforms-376-field_3\" class=\"wpforms-field-medium\" name=\"wpforms[fields][3]\" aria-errormessage=\"wpforms-376-field_3-error\" aria-describedby=\"wpforms-376-field_3-description\" ><\/textarea><div id=\"wpforms-376-field_3-description\" class=\"wpforms-field-description\">Podaj dodatkowe informacje lub \u017cyczenia specjalne dotycz\u0105ce przejazdu.\nTutaj te\u017c zg\u0142o\u015b us\u0142ugi dodatkowe, na przyk\u0142ad przew\u00f3z dziecka, przew\u00f3z zwierz\u0119cia (psa, kota, innego), zajazd do innej miejscowo\u015bci, przew\u00f3z nadbaga\u017cu, przew\u00f3z paczki, przew\u00f3z towar\u00f3w.<\/div><\/div><div id=\"wpforms-376-field_13-container\" class=\"wpforms-field wpforms-field-textarea\" data-field-id=\"13\"><label class=\"wpforms-field-label\" for=\"wpforms-376-field_13\">Potwierdzenie rezerwacji i p\u0142atno\u015b\u0107.<\/label><textarea id=\"wpforms-376-field_13\" class=\"wpforms-field-medium\" name=\"wpforms[fields][13]\" aria-errormessage=\"wpforms-376-field_13-error\" >Po wys\u0142aniu formularza sprawdzimy, czy s\u0105 wolne miejsca i czy jest mo\u017cliwo\u015b\u0107 realizacji kursu. Je\u015bli tak, to na e-mail otrzymasz dane do op\u0142aty za rezerwacj\u0119. Po zaksi\u0119gowaniu wp\u0142aty otrzymasz dane rezerwacji oraz has\u0142o jednorazowe, kt\u00f3re nale\u017cy poda\u0107 kierowcy.\u00a0 Bilet zostanie wystawiony najp\u00f3\u017aniej w momencie odjazdu pojazdu z przystanku pocz\u0105tkowego.<\/textarea><\/div><script>\n\t\t\t\t( function() {\n\t\t\t\t\tconst style = document.createElement( 'style' );\n\t\t\t\t\tstyle.appendChild( document.createTextNode( '#wpforms-376-field_1-container { position: absolute !important; overflow: hidden !important; display: inline !important; height: 1px !important; width: 1px !important; z-index: -1000 !important; padding: 0 !important; } #wpforms-376-field_1-container input { visibility: hidden; } #wpforms-conversational-form-page #wpforms-376-field_1-container label { counter-increment: none; }' ) );\n\t\t\t\t\tdocument.head.appendChild( style );\n\t\t\t\t\tdocument.currentScript?.remove();\n\t\t\t\t} )();\n\t\t\t<\/script><\/div><!-- .wpforms-field-container --><div class=\"wpforms-submit-container\" ><input type=\"hidden\" name=\"wpforms[id]\" value=\"376\"><input type=\"hidden\" name=\"page_title\" value=\"\"><input type=\"hidden\" name=\"page_url\" value=\"https:\/\/szpitalbus.pl\/index.php?rest_route=\/wp\/v2\/pages\/104\"><input type=\"hidden\" name=\"url_referer\" value=\"\"><button type=\"submit\" name=\"wpforms[submit]\" id=\"wpforms-submit-376\" class=\"wpforms-submit\" data-alt-text=\"Wysy\u0142anie...\" data-submit-text=\"Zarezerwuj przejazd\" aria-live=\"assertive\" value=\"wpforms-submit\">Zarezerwuj przejazd<\/button><img loading=\"lazy\" decoding=\"async\" src=\"https:\/\/szpitalbus.pl\/wp-content\/plugins\/wpforms-lite\/assets\/images\/submit-spin.svg\" class=\"wpforms-submit-spinner\" style=\"display: none;\" width=\"26\" height=\"26\" alt=\"Wczytywanie\"><\/div><\/form><\/div>  <!-- .wpforms-container -->","protected":false},"excerpt":{"rendered":"<p>Z\u0142\u00f3\u017c zam\u00f3wienie rezerwacji przejazdu przez formularz. Odpowied\u017a przyjdzie na podany adres e-mail i tam b\u0119dzie si\u0119 odbywa\u0142 dalszy kontakt. Rezerwacja miejsca na istniej\u0105cy kurs Zarezerwuj przejazd na istniej\u0105cy kurs w rozk\u0142adzie jazdy. Podaj dat\u0119, numer kursu, miejscowo\u015b\u0107 odjazdu i przyjazdu, przystanek pocz\u0105tkowy i ko\u0144cowy &#8211; odczytaj te dane z rozk\u0142adu jazdy. Poinformuj te\u017c, je\u015bli jest [&hellip;]<\/p>\n","protected":false},"author":1,"featured_media":0,"parent":0,"menu_order":0,"comment_status":"closed","ping_status":"closed","template":"","meta":{"footnotes":""},"class_list":["post-104","page","type-page","status-publish","hentry"],"_links":{"self":[{"href":"https:\/\/szpitalbus.pl\/index.php?rest_route=\/wp\/v2\/pages\/104","targetHints":{"allow":["GET"]}}],"collection":[{"href":"https:\/\/szpitalbus.pl\/index.php?rest_route=\/wp\/v2\/pages"}],"about":[{"href":"https:\/\/szpitalbus.pl\/index.php?rest_route=\/wp\/v2\/types\/page"}],"author":[{"embeddable":true,"href":"https:\/\/szpitalbus.pl\/index.php?rest_route=\/wp\/v2\/users\/1"}],"replies":[{"embeddable":true,"href":"https:\/\/szpitalbus.pl\/index.php?rest_route=%2Fwp%2Fv2%2Fcomments&post=104"}],"version-history":[{"count":14,"href":"https:\/\/szpitalbus.pl\/index.php?rest_route=\/wp\/v2\/pages\/104\/revisions"}],"predecessor-version":[{"id":422,"href":"https:\/\/szpitalbus.pl\/index.php?rest_route=\/wp\/v2\/pages\/104\/revisions\/422"}],"wp:attachment":[{"href":"https:\/\/szpitalbus.pl\/index.php?rest_route=%2Fwp%2Fv2%2Fmedia&parent=104"}],"curies":[{"name":"wp","href":"https:\/\/api.w.org\/{rel}","templated":true}]}}