{"id":107,"date":"2026-02-25T17:13:50","date_gmt":"2026-02-25T16:13:50","guid":{"rendered":"https:\/\/szpitalbus.pl\/?page_id=107"},"modified":"2026-03-25T14:03:24","modified_gmt":"2026-03-25T13:03:24","slug":"kontakt","status":"publish","type":"page","link":"https:\/\/szpitalbus.pl\/?page_id=107","title":{"rendered":"Kontakt"},"content":{"rendered":"\n<p><\/p>\n\n\n\n<h5 class=\"wp-block-heading\">Infolinia SMS: 515 303 316<\/h5>\n\n\n\n<p>Czynne w wybranych godzinach. Gdy tylko jest mo\u017cliwo\u015b\u0107, to odpisujemy.<\/p>\n\n\n\n<h5 class=\"wp-block-heading\">Strona na Facebooku<\/h5>\n\n\n\n<p><a href=\"https:\/\/www.facebook.com\/szpitalbus\/\" data-type=\"link\" data-id=\"https:\/\/www.facebook.com\/szpitalbus\/\">Przejd\u017a do strony Szpitalbus<\/a><\/p>\n\n\n\n<h5 class=\"wp-block-heading\">Adres e-mail do biura<\/h5>\n\n\n\n<p><a href=\"mailto:kontakt@szpitalbus.pl\">kontakt@szpitalbus.pl<\/a><\/p>\n\n\n\n<h5 class=\"wp-block-heading\">Bilety i rezerwacje<\/h5>\n\n\n\n<p><a href=\"mailto:bilety@szpitalbus.pl\">bilety@szpitalbus.pl<\/a><\/p>\n\n\n\n<p>Z\u0142\u00f3\u017c zam\u00f3wienie przez formularz kontaktowy <a href=\"https:\/\/szpitalbus.pl\/?page_id=104\" data-type=\"page\" data-id=\"104\">TUTAJ<\/a>.<\/p>\n\n\n\n<h5 class=\"wp-block-heading\">Formularze kontaktowe<\/h5>\n\n\n\n<p>Kontakt e-mail w sprawie rezerwacji, uruchomienia nowego kursu i w innych sprawach mo\u017cliwy jest <a href=\"https:\/\/szpitalbus.pl\/?page_id=409\" data-type=\"page\" data-id=\"409\">TUTAJ<\/a>.<\/p>\n\n\n\n<h5 class=\"wp-block-heading\">Przewo\u017anik obs\u0142uguj\u0105cy kursy: <a href=\"http:\/\/www.pkslipno.pl\" data-type=\"link\" data-id=\"www.pkslipno.pl\" target=\"blank\">PKS Lipno<\/a>. <\/h5>\n\n\n\n<p>Na stronie przewo\u017anika dost\u0119pne s\u0105 jego dane oraz regulamin przewoz\u00f3w.<\/p>\n\n\n\n<p><\/p>\n","protected":false},"excerpt":{"rendered":"<p>Infolinia SMS: 515 303 316 Czynne w wybranych godzinach. Gdy tylko jest mo\u017cliwo\u015b\u0107, to odpisujemy. Strona na Facebooku Przejd\u017a do strony Szpitalbus Adres e-mail do biura kontakt@szpitalbus.pl Bilety i rezerwacje bilety@szpitalbus.pl Z\u0142\u00f3\u017c zam\u00f3wienie przez formularz kontaktowy TUTAJ. Formularze kontaktowe Kontakt e-mail w sprawie rezerwacji, uruchomienia nowego kursu i w innych sprawach mo\u017cliwy jest TUTAJ. Przewo\u017anik [&hellip;]<\/p>\n","protected":false},"author":1,"featured_media":0,"parent":0,"menu_order":0,"comment_status":"closed","ping_status":"closed","template":"","meta":{"footnotes":""},"class_list":["post-107","page","type-page","status-publish","hentry"],"_links":{"self":[{"href":"https:\/\/szpitalbus.pl\/index.php?rest_route=\/wp\/v2\/pages\/107","targetHints":{"allow":["GET"]}}],"collection":[{"href":"https:\/\/szpitalbus.pl\/index.php?rest_route=\/wp\/v2\/pages"}],"about":[{"href":"https:\/\/szpitalbus.pl\/index.php?rest_route=\/wp\/v2\/types\/page"}],"author":[{"embeddable":true,"href":"https:\/\/szpitalbus.pl\/index.php?rest_route=\/wp\/v2\/users\/1"}],"replies":[{"embeddable":true,"href":"https:\/\/szpitalbus.pl\/index.php?rest_route=%2Fwp%2Fv2%2Fcomments&post=107"}],"version-history":[{"count":11,"href":"https:\/\/szpitalbus.pl\/index.php?rest_route=\/wp\/v2\/pages\/107\/revisions"}],"predecessor-version":[{"id":415,"href":"https:\/\/szpitalbus.pl\/index.php?rest_route=\/wp\/v2\/pages\/107\/revisions\/415"}],"wp:attachment":[{"href":"https:\/\/szpitalbus.pl\/index.php?rest_route=%2Fwp%2Fv2%2Fmedia&parent=107"}],"curies":[{"name":"wp","href":"https:\/\/api.w.org\/{rel}","templated":true}]}}