{"id":267,"date":"2026-03-24T16:07:23","date_gmt":"2026-03-24T15:07:23","guid":{"rendered":"https:\/\/szpitalbus.pl\/?page_id=267"},"modified":"2026-03-25T12:12:07","modified_gmt":"2026-03-25T11:12:07","slug":"cennik","status":"publish","type":"page","link":"https:\/\/szpitalbus.pl\/?page_id=267","title":{"rendered":"Cennik"},"content":{"rendered":"\n<p><\/p>\n\n\n\n<h2 class=\"wp-block-heading\">Ceny bilet\u00f3w &#8211; og\u00f3lne informacje<\/h2>\n\n\n\n<p>Ceny bilet\u00f3w s\u0105 orientacyjne. Na ka\u017cdy kurs ceny ustalane s\u0105 indywidualne i mog\u0105 podlega\u0107 negocjacjom. Po dokonaniu rezerwacji cena mo\u017ce si\u0119 zmieni\u0107 do czasu zatwierdzenia rezerwacji i wystawienia biletu. Cena ju\u017c dokonanej rezerwacji nie zostanie podwy\u017cszona. Je\u015bli nie ustalono innych cen dla poszczeg\u00f3lnych przypadk\u00f3w, to obowi\u0105zuj\u0105 ceny podane poni\u017cej.<\/p>\n\n\n\n<h2 class=\"wp-block-heading\">Wrze\u015bnia &#8211; \u015aroda Wlkp.<\/h2>\n\n\n\n<h4 class=\"wp-block-heading\">Kursy nr WZSRA1T, WZSRA1P<\/h4>\n\n\n\n<h4 class=\"wp-block-heading has-vivid-purple-color has-text-color has-link-color wp-elements-7d136d9322fb623587e72b9fa59176d5\">Cennik wa\u017cny od 24.03.2026<\/h4>\n\n\n\n<p class=\"has-vivid-cyan-blue-color has-text-color has-link-color wp-elements-c7e80cb950e0dc4565b4a3366844a62c\"><strong>Wrze\u015bnia, szpital [G\u0141] &#8211; \u015aroda Wlkp., szpital [G\u0141]<\/strong><\/p>\n\n\n\n<figure class=\"wp-block-table\"><table class=\"has-fixed-layout\"><tbody><tr><td class=\"has-text-align-left\" data-align=\"left\">grupa 7 os\u00f3b<\/td><td class=\"has-text-align-center\" data-align=\"center\">57 z\u0142<\/td><\/tr><tr><td class=\"has-text-align-left\" data-align=\"left\">grupa 6 os\u00f3b<\/td><td class=\"has-text-align-center\" data-align=\"center\">60 z\u0142<\/td><\/tr><tr><td class=\"has-text-align-left\" data-align=\"left\">grupa 5 os\u00f3b<\/td><td class=\"has-text-align-center\" data-align=\"center\">67 z\u0142<\/td><\/tr><tr><td class=\"has-text-align-left\" data-align=\"left\">do 4 os\u00f3b<\/td><td class=\"has-text-align-center\" data-align=\"center\">77 z\u0142<\/td><\/tr><tr><td class=\"has-text-align-left\" data-align=\"left\"><strong>us\u0142ugi dodatkowe<\/strong><\/td><td class=\"has-text-align-center\" data-align=\"center\"><\/td><\/tr><tr><td class=\"has-text-align-left\" data-align=\"left\">zatrzymanie na innym przystanku we Wrze\u015bni lub \u015arodzie Wlkp.<\/td><td class=\"has-text-align-center\" data-align=\"center\">dop\u0142ata 3 z\u0142<\/td><\/tr><tr><td class=\"has-text-align-left\" data-align=\"left\">zatrzymanie poza przystankiem (bez zje\u017cd\u017cania z trasy)<\/td><td class=\"has-text-align-center\" data-align=\"center\">dop\u0142ata 6 z\u0142<\/td><\/tr><tr><td class=\"has-text-align-left\" data-align=\"left\">zatrzymanie na dodatkowym przystanku poza tras\u0105 przejazdu<\/td><td class=\"has-text-align-center\" data-align=\"center\">dop\u0142ata od 9 z\u0142 (kalkulacja indywidualna)<\/td><\/tr><tr><td class=\"has-text-align-left\" data-align=\"left\">zjazd z trasy do innego miejsca lub miejscowo\u015bci<\/td><td class=\"has-text-align-center\" data-align=\"center\">dop\u0142ata od 6 z\u0142 (kalkulacja indywidualna)<\/td><\/tr><tr><td class=\"has-text-align-left\" data-align=\"left\">zam\u00f3wienie biletu w dniu odjazdu u dy\u017curnego ruchu<\/td><td class=\"has-text-align-center\" data-align=\"center\">dop\u0142ata 10 z\u0142<\/td><\/tr><tr><td class=\"has-text-align-left\" data-align=\"left\">przejazd miejski po Wrze\u015bni albo \u015arodzie Wlkp.<\/td><td class=\"has-text-align-center\" data-align=\"center\">10 z\u0142<\/td><\/tr><tr><td class=\"has-text-align-left\" data-align=\"left\">fotelik dla dziecka<\/td><td class=\"has-text-align-center\" data-align=\"center\">kalkulacja indywidualna<\/td><\/tr><tr><td class=\"has-text-align-left\" data-align=\"left\">przew\u00f3z nadbaga\u017cu (wi\u0119cej ni\u017c na kolanach i pod nogami)<\/td><td class=\"has-text-align-center\" data-align=\"center\">kalkulacja indywidualna<\/td><\/tr><tr><td class=\"has-text-align-left\" data-align=\"left\">przew\u00f3z psa, kota lub innego zwierz\u0119cia<\/td><td class=\"has-text-align-center\" data-align=\"center\">kalkulacja indywidualna<\/td><\/tr><tr><td class=\"has-text-align-left\" data-align=\"left\">przew\u00f3z paczek<\/td><td class=\"has-text-align-center\" data-align=\"center\">kalkulacja indywidualna<\/td><\/tr><tr><td class=\"has-text-align-left\" data-align=\"left\">przew\u00f3z mebli i innych gabaryt\u00f3w, przejazdy do PSZOK<\/td><td class=\"has-text-align-center\" data-align=\"center\">kalkulacja indywidualna<\/td><\/tr><\/tbody><\/table><\/figure>\n\n\n\n<p class=\"has-vivid-cyan-blue-color has-text-color has-link-color wp-elements-bde339780462be506efcfd8108360bea\"><strong>Ceny odcinkowe z innej miejscowo\u015bci na trasie przejazdu<\/strong><\/p>\n\n\n\n<figure class=\"wp-block-table\"><table class=\"has-fixed-layout\"><tbody><tr><td><\/td><td class=\"has-text-align-center\" data-align=\"center\">do Wrze\u015bnia, szpital [G\u0141]<\/td><td class=\"has-text-align-center\" data-align=\"center\">do \u015aroda Wlkp., szpital [G\u0141]<\/td><\/tr><tr><td>Ob\u0142aczkowo<\/td><td class=\"has-text-align-center\" data-align=\"center\">33 z\u0142<\/td><td class=\"has-text-align-center\" data-align=\"center\">61 z\u0142<\/td><\/tr><tr><td>Grzymys\u0142awice<\/td><td class=\"has-text-align-center\" data-align=\"center\">38 z\u0142<\/td><td class=\"has-text-align-center\" data-align=\"center\">51 z\u0142<\/td><\/tr><tr><td>Zberki<\/td><td class=\"has-text-align-center\" data-align=\"center\">48 z\u0142<\/td><td class=\"has-text-align-center\" data-align=\"center\">41 z\u0142<\/td><\/tr><tr><td>Po\u0142a\u017cejewo<\/td><td class=\"has-text-align-center\" data-align=\"center\">55 z\u0142<\/td><td class=\"has-text-align-center\" data-align=\"center\">34 z\u0142<\/td><\/tr><tr><td>Tadeuszewo<\/td><td class=\"has-text-align-center\" data-align=\"center\">59 z\u0142<\/td><td class=\"has-text-align-center\" data-align=\"center\">30 z\u0142<\/td><\/tr><tr><td>Ruszkowo<\/td><td class=\"has-text-align-center\" data-align=\"center\">65 z\u0142<\/td><td class=\"has-text-align-center\" data-align=\"center\">24 z\u0142<\/td><\/tr><tr><td><strong>us\u0142ugi dodatkowe &#8211; jak wy\u017cej<\/strong><\/td><td class=\"has-text-align-center\" data-align=\"center\"><\/td><td class=\"has-text-align-center\" data-align=\"center\"><\/td><\/tr><\/tbody><\/table><\/figure>\n\n\n\n<p class=\"has-vivid-cyan-blue-color has-text-color has-link-color wp-elements-5baee15f47a22c7a6f128da966f1492e\"><strong>Ceny odcinkowe z innej miejscowo\u015bci poza tras\u0105 przejazdu<\/strong><\/p>\n\n\n\n<figure class=\"wp-block-table\"><table class=\"has-fixed-layout\"><tbody><tr><td><\/td><td class=\"has-text-align-center\" data-align=\"center\">do Wrze\u015bnia, szpital [G\u0141]<\/td><td class=\"has-text-align-center\" data-align=\"center\">do \u015aroda Wlkp., szpital [G\u0141]<\/td><td class=\"has-text-align-center\" data-align=\"center\">w tym dop\u0142ata<\/td><\/tr><tr><td>Chwalibogowo<\/td><td class=\"has-text-align-center\" data-align=\"center\">48 z\u0142<\/td><td class=\"has-text-align-center\" data-align=\"center\">71 z\u0142<\/td><td class=\"has-text-align-center\" data-align=\"center\">10 z\u0142<\/td><\/tr><tr><td>Bia\u0142\u0119\u017cyce<\/td><td class=\"has-text-align-center\" data-align=\"center\">55 z\u0142<\/td><td class=\"has-text-align-center\" data-align=\"center\">99 z\u0142<\/td><td class=\"has-text-align-center\" data-align=\"center\">22 z\u0142<\/td><\/tr><tr><td>Chocicza Ma\u0142a<\/td><td class=\"has-text-align-center\" data-align=\"center\">55 z\u0142<\/td><td class=\"has-text-align-center\" data-align=\"center\">78 z\u0142<\/td><td class=\"has-text-align-center\" data-align=\"center\">17 z\u0142<\/td><\/tr><tr><td>Mieczys\u0142awowo<\/td><td class=\"has-text-align-center\" data-align=\"center\">67 z\u0142<\/td><td class=\"has-text-align-center\" data-align=\"center\">70 z\u0142<\/td><td class=\"has-text-align-center\" data-align=\"center\">19 z\u0142<\/td><\/tr><tr><td>Mystki<\/td><td class=\"has-text-align-center\" data-align=\"center\">66 z\u0142<\/td><td class=\"has-text-align-center\" data-align=\"center\">69 z\u0142<\/td><td class=\"has-text-align-center\" data-align=\"center\">18 z\u0142<\/td><\/tr><tr><td>Murzynowo Ko\u015bcielne<\/td><td class=\"has-text-align-center\" data-align=\"center\">71 z\u0142<\/td><td class=\"has-text-align-center\" data-align=\"center\">74 z\u0142<\/td><td class=\"has-text-align-center\" data-align=\"center\">23 z\u0142<\/td><\/tr><tr><td>Rumiejki<\/td><td class=\"has-text-align-center\" data-align=\"center\">78 z\u0142<\/td><td class=\"has-text-align-center\" data-align=\"center\">57 z\u0142<\/td><td class=\"has-text-align-center\" data-align=\"center\">23 z\u0142<\/td><\/tr><tr><td>Kopaszyce<\/td><td class=\"has-text-align-center\" data-align=\"center\">73 z\u0142<\/td><td class=\"has-text-align-center\" data-align=\"center\">59 z\u0142<\/td><td class=\"has-text-align-center\" data-align=\"center\">18 z\u0142<\/td><\/tr><tr><td>Rusiborek<\/td><td class=\"has-text-align-center\" data-align=\"center\">68 z\u0142<\/td><td class=\"has-text-align-center\" data-align=\"center\">54 z\u0142<\/td><td class=\"has-text-align-center\" data-align=\"center\">13 z\u0142<\/td><\/tr><tr><td>Rusib\u00f3rz<\/td><td class=\"has-text-align-center\" data-align=\"center\">79 z\u0142<\/td><td class=\"has-text-align-center\" data-align=\"center\">65 z\u0142<\/td><td class=\"has-text-align-center\" data-align=\"center\">24 z\u0142<\/td><\/tr><tr><td>Ulejno<\/td><td class=\"has-text-align-center\" data-align=\"center\">89 z\u0142<\/td><td class=\"has-text-align-center\" data-align=\"center\">54 z\u0142<\/td><td class=\"has-text-align-center\" data-align=\"center\">24 z\u0142<\/td><\/tr><tr><td>Henrykowo<\/td><td class=\"has-text-align-center\" data-align=\"center\">99 z\u0142<\/td><td class=\"has-text-align-center\" data-align=\"center\">46 z\u0142<\/td><td class=\"has-text-align-center\" data-align=\"center\">22 z\u0142<\/td><\/tr><tr><td>kwota dop\u0142aty ju\u017c jest wliczona w cen\u0119<\/td><td class=\"has-text-align-center\" data-align=\"center\"><\/td><td class=\"has-text-align-center\" data-align=\"center\"><\/td><td class=\"has-text-align-center\" data-align=\"center\"><\/td><\/tr><tr><td><strong>us\u0142ugi dodatkowe &#8211; jak wy\u017cej<\/strong><\/td><td class=\"has-text-align-center\" data-align=\"center\"><\/td><td class=\"has-text-align-center\" data-align=\"center\"><\/td><td class=\"has-text-align-center\" data-align=\"center\"><\/td><\/tr><\/tbody><\/table><\/figure>\n\n\n\n<p><\/p>\n\n\n\n<p class=\"has-terniary-color has-text-color has-link-color wp-elements-7ee62a7660d4b61cbc37e4dcc1104d07\">UWAGA: pierwsze\u0144stwo przejazdu maj\u0105 posiadacze bilet\u00f3w na tras\u0119 pomi\u0119dzy miejscowo\u015bci\u0105 pocz\u0105tkow\u0105 i ko\u0144cow\u0105. Zastrzegamy sobie prawo do przydzielenia miejsca w pierwszej kolejno\u015bci pasa\u017cerowi na tej trasie. Istnieje mo\u017cliwo\u015b\u0107 nabycia biletu na ca\u0142\u0105 tras\u0119, a wsiadania i wysiadania na trasie kr\u00f3tszej, \u017ceby zagwarantowa\u0107 sobie mo\u017cliwo\u015b\u0107 przejazdu. W przypadku innej miejscowo\u015bci poza tras\u0105 przejazdu do ceny biletu pomi\u0119dzy g\u0142\u00f3wnymi przystankami dodaje si\u0119 dop\u0142at\u0119 wskazan\u0105 w tabeli.<\/p>\n\n\n\n<h4 class=\"wp-block-heading\">Kursy nr WZSRB1T, WZSRB1P<\/h4>\n\n\n\n<h4 class=\"wp-block-heading has-vivid-purple-color has-text-color has-link-color wp-elements-7d136d9322fb623587e72b9fa59176d5\">Cennik wa\u017cny od 24.03.2026<\/h4>\n\n\n\n<p class=\"has-vivid-cyan-blue-color has-text-color has-link-color wp-elements-c7e80cb950e0dc4565b4a3366844a62c\"><strong>Wrze\u015bnia, szpital [G\u0141] &#8211; \u015aroda Wlkp., szpital [G\u0141]<\/strong><\/p>\n\n\n\n<figure class=\"wp-block-table\"><table class=\"has-fixed-layout\"><tbody><tr><td class=\"has-text-align-left\" data-align=\"left\">grupa 7 os\u00f3b<\/td><td class=\"has-text-align-center\" data-align=\"center\">63 z\u0142<\/td><\/tr><tr><td class=\"has-text-align-left\" data-align=\"left\">grupa 6 os\u00f3b<\/td><td class=\"has-text-align-center\" data-align=\"center\">67 z\u0142<\/td><\/tr><tr><td class=\"has-text-align-left\" data-align=\"left\">grupa 5 os\u00f3b<\/td><td class=\"has-text-align-center\" data-align=\"center\">74 z\u0142<\/td><\/tr><tr><td class=\"has-text-align-left\" data-align=\"left\">do 4 os\u00f3b<\/td><td class=\"has-text-align-center\" data-align=\"center\">86 z\u0142<\/td><\/tr><tr><td class=\"has-text-align-left\" data-align=\"left\"><strong>us\u0142ugi dodatkowe<\/strong><\/td><td class=\"has-text-align-center\" data-align=\"center\"><\/td><\/tr><tr><td class=\"has-text-align-left\" data-align=\"left\">zatrzymanie na innym przystanku we Wrze\u015bni lub \u015arodzie Wlkp.<\/td><td class=\"has-text-align-center\" data-align=\"center\">dop\u0142ata 3 z\u0142<\/td><\/tr><tr><td class=\"has-text-align-left\" data-align=\"left\">zatrzymanie poza przystankiem (bez zje\u017cd\u017cania z trasy)<\/td><td class=\"has-text-align-center\" data-align=\"center\">dop\u0142ata 6 z\u0142<\/td><\/tr><tr><td class=\"has-text-align-left\" data-align=\"left\">zatrzymanie na dodatkowym przystanku poza tras\u0105 przejazdu<\/td><td class=\"has-text-align-center\" data-align=\"center\">dop\u0142ata od 9 z\u0142 (kalkulacja indywidualna)<\/td><\/tr><tr><td class=\"has-text-align-left\" data-align=\"left\">zjazd z trasy do innego miejsca lub miejscowo\u015bci<\/td><td class=\"has-text-align-center\" data-align=\"center\">dop\u0142ata od 6 z\u0142 (kalkulacja indywidualna)<\/td><\/tr><tr><td class=\"has-text-align-left\" data-align=\"left\">zam\u00f3wienie biletu w dniu odjazdu u dy\u017curnego ruchu<\/td><td class=\"has-text-align-center\" data-align=\"center\">dop\u0142ata 10 z\u0142<\/td><\/tr><tr><td class=\"has-text-align-left\" data-align=\"left\">przejazd miejski po Wrze\u015bni albo \u015arodzie Wlkp.<\/td><td class=\"has-text-align-center\" data-align=\"center\">10 z\u0142<\/td><\/tr><tr><td class=\"has-text-align-left\" data-align=\"left\">fotelik dla dziecka<\/td><td class=\"has-text-align-center\" data-align=\"center\">kalkulacja indywidualna<\/td><\/tr><tr><td class=\"has-text-align-left\" data-align=\"left\">przew\u00f3z nadbaga\u017cu (wi\u0119cej ni\u017c na kolanach i pod nogami)<\/td><td class=\"has-text-align-center\" data-align=\"center\">kalkulacja indywidualna<\/td><\/tr><tr><td class=\"has-text-align-left\" data-align=\"left\">przew\u00f3z psa, kota lub innego zwierz\u0119cia<\/td><td class=\"has-text-align-center\" data-align=\"center\">kalkulacja indywidualna<\/td><\/tr><tr><td class=\"has-text-align-left\" data-align=\"left\">przew\u00f3z paczek<\/td><td class=\"has-text-align-center\" data-align=\"center\">kalkulacja indywidualna<\/td><\/tr><tr><td class=\"has-text-align-left\" data-align=\"left\">przew\u00f3z mebli i innych gabaryt\u00f3w, przejazdy do PSZOK<\/td><td class=\"has-text-align-center\" data-align=\"center\">kalkulacja indywidualna<\/td><\/tr><\/tbody><\/table><\/figure>\n\n\n\n<p class=\"has-vivid-cyan-blue-color has-text-color has-link-color wp-elements-bde339780462be506efcfd8108360bea\"><strong>Ceny odcinkowe z innej miejscowo\u015bci na trasie przejazdu<\/strong><\/p>\n\n\n\n<figure class=\"wp-block-table\"><table class=\"has-fixed-layout\"><tbody><tr><td><\/td><td class=\"has-text-align-center\" data-align=\"center\">do Wrze\u015bnia, szpital [G\u0141]<\/td><td class=\"has-text-align-center\" data-align=\"center\">do \u015aroda Wlkp., szpital [G\u0141]<\/td><\/tr><tr><td>Bierzglinek<\/td><td class=\"has-text-align-center\" data-align=\"center\">31 z\u0142<\/td><td class=\"has-text-align-center\" data-align=\"center\">72 z\u0142<\/td><\/tr><tr><td>Kaczanowo<\/td><td class=\"has-text-align-center\" data-align=\"center\">35 z\u0142<\/td><td class=\"has-text-align-center\" data-align=\"center\">67 zl<\/td><\/tr><tr><td>Ob\u0142aczkowo<\/td><td class=\"has-text-align-center\" data-align=\"center\">39 z\u0142<\/td><td class=\"has-text-align-center\" data-align=\"center\">61 z\u0142<\/td><\/tr><tr><td>Grzymys\u0142awice<\/td><td class=\"has-text-align-center\" data-align=\"center\">46 z\u0142<\/td><td class=\"has-text-align-center\" data-align=\"center\">51 z\u0142<\/td><\/tr><tr><td>Zberki<\/td><td class=\"has-text-align-center\" data-align=\"center\">57 z\u0142<\/td><td class=\"has-text-align-center\" data-align=\"center\">41 z\u0142<\/td><\/tr><tr><td>Po\u0142a\u017cejewo<\/td><td class=\"has-text-align-center\" data-align=\"center\">64 z\u0142<\/td><td class=\"has-text-align-center\" data-align=\"center\">34 z\u0142<\/td><\/tr><tr><td>Tadeuszewo<\/td><td class=\"has-text-align-center\" data-align=\"center\">68 z\u0142<\/td><td class=\"has-text-align-center\" data-align=\"center\">30 z\u0142<\/td><\/tr><tr><td>Ruszkowo<\/td><td class=\"has-text-align-center\" data-align=\"center\">74 z\u0142<\/td><td class=\"has-text-align-center\" data-align=\"center\">24 z\u0142<\/td><\/tr><tr><td><strong>us\u0142ugi dodatkowe &#8211; jak wy\u017cej<\/strong><\/td><td class=\"has-text-align-center\" data-align=\"center\"><\/td><td class=\"has-text-align-center\" data-align=\"center\"><\/td><\/tr><\/tbody><\/table><\/figure>\n\n\n\n<p class=\"has-vivid-cyan-blue-color has-text-color has-link-color wp-elements-5baee15f47a22c7a6f128da966f1492e\"><strong>Ceny odcinkowe z innej miejscowo\u015bci poza tras\u0105 przejazdu<\/strong><\/p>\n\n\n\n<figure class=\"wp-block-table\"><table class=\"has-fixed-layout\"><tbody><tr><td><\/td><td class=\"has-text-align-center\" data-align=\"center\">do Wrze\u015bnia, szpital [G\u0141]<\/td><td class=\"has-text-align-center\" data-align=\"center\">do \u015aroda Wlkp., szpital [G\u0141]<\/td><td class=\"has-text-align-center\" data-align=\"center\">w tym dop\u0142ata<\/td><\/tr><tr><td>Chwalibogowo<\/td><td class=\"has-text-align-center\" data-align=\"center\">56 z\u0142<\/td><td class=\"has-text-align-center\" data-align=\"center\">71 z\u0142<\/td><td class=\"has-text-align-center\" data-align=\"center\">10 z\u0142<\/td><\/tr><tr><td>Bia\u0142\u0119\u017cyce<\/td><td class=\"has-text-align-center\" data-align=\"center\">61 z\u0142<\/td><td class=\"has-text-align-center\" data-align=\"center\">108 z\u0142<\/td><td class=\"has-text-align-center\" data-align=\"center\">22 z\u0142<\/td><\/tr><tr><td>Chocicza Ma\u0142a<\/td><td class=\"has-text-align-center\" data-align=\"center\">63 z\u0142<\/td><td class=\"has-text-align-center\" data-align=\"center\">78 z\u0142<\/td><td class=\"has-text-align-center\" data-align=\"center\">17 z\u0142<\/td><\/tr><tr><td>Mieczys\u0142awowo<\/td><td class=\"has-text-align-center\" data-align=\"center\">76 z\u0142<\/td><td class=\"has-text-align-center\" data-align=\"center\">70 z\u0142<\/td><td class=\"has-text-align-center\" data-align=\"center\">19 z\u0142<\/td><\/tr><tr><td>Mystki<\/td><td class=\"has-text-align-center\" data-align=\"center\">75 z\u0142<\/td><td class=\"has-text-align-center\" data-align=\"center\">69 z\u0142<\/td><td class=\"has-text-align-center\" data-align=\"center\">18 z\u0142<\/td><\/tr><tr><td>Murzynowo Ko\u015bcielne<\/td><td class=\"has-text-align-center\" data-align=\"center\">80 z\u0142<\/td><td class=\"has-text-align-center\" data-align=\"center\">74 z\u0142<\/td><td class=\"has-text-align-center\" data-align=\"center\">23 z\u0142<\/td><\/tr><tr><td>Rumiejki<\/td><td class=\"has-text-align-center\" data-align=\"center\">87 z\u0142<\/td><td class=\"has-text-align-center\" data-align=\"center\">57 z\u0142<\/td><td class=\"has-text-align-center\" data-align=\"center\">23 z\u0142<\/td><\/tr><tr><td>Kopaszyce<\/td><td class=\"has-text-align-center\" data-align=\"center\">82 z\u0142<\/td><td class=\"has-text-align-center\" data-align=\"center\">59 z\u0142<\/td><td class=\"has-text-align-center\" data-align=\"center\">18 z\u0142<\/td><\/tr><tr><td>Rusiborek<\/td><td class=\"has-text-align-center\" data-align=\"center\">77 z\u0142<\/td><td class=\"has-text-align-center\" data-align=\"center\">54 z\u0142<\/td><td class=\"has-text-align-center\" data-align=\"center\">13 z\u0142<\/td><\/tr><tr><td>Rusib\u00f3rz<\/td><td class=\"has-text-align-center\" data-align=\"center\">88 z\u0142<\/td><td class=\"has-text-align-center\" data-align=\"center\">65 z\u0142<\/td><td class=\"has-text-align-center\" data-align=\"center\">24 z\u0142<\/td><\/tr><tr><td>Ulejno<\/td><td class=\"has-text-align-center\" data-align=\"center\">98 z\u0142<\/td><td class=\"has-text-align-center\" data-align=\"center\">54 z\u0142<\/td><td class=\"has-text-align-center\" data-align=\"center\">24 z\u0142<\/td><\/tr><tr><td>Henrykowo<\/td><td class=\"has-text-align-center\" data-align=\"center\">108 z\u0142<\/td><td class=\"has-text-align-center\" data-align=\"center\">46 z\u0142<\/td><td class=\"has-text-align-center\" data-align=\"center\">22 z\u0142<\/td><\/tr><tr><td>kwota dop\u0142aty ju\u017c jest wliczona w cen\u0119<\/td><td class=\"has-text-align-center\" data-align=\"center\"><\/td><td class=\"has-text-align-center\" data-align=\"center\"><\/td><td class=\"has-text-align-center\" data-align=\"center\"><\/td><\/tr><tr><td><strong>us\u0142ugi dodatkowe &#8211; jak wy\u017cej<\/strong><\/td><td class=\"has-text-align-center\" data-align=\"center\"><\/td><td class=\"has-text-align-center\" data-align=\"center\"><\/td><td class=\"has-text-align-center\" data-align=\"center\"><\/td><\/tr><\/tbody><\/table><\/figure>\n\n\n\n<p><\/p>\n\n\n\n<p class=\"has-terniary-color has-text-color has-link-color wp-elements-7ee62a7660d4b61cbc37e4dcc1104d07\">UWAGA: pierwsze\u0144stwo przejazdu maj\u0105 posiadacze bilet\u00f3w na tras\u0119 pomi\u0119dzy miejscowo\u015bci\u0105 pocz\u0105tkow\u0105 i ko\u0144cow\u0105. Zastrzegamy sobie prawo do przydzielenia miejsca w pierwszej kolejno\u015bci pasa\u017cerowi na tej trasie. Istnieje mo\u017cliwo\u015b\u0107 nabycia biletu na ca\u0142\u0105 tras\u0119, a wsiadania i wysiadania na trasie kr\u00f3tszej, \u017ceby zagwarantowa\u0107 sobie mo\u017cliwo\u015b\u0107 przejazdu. W przypadku innej miejscowo\u015bci poza tras\u0105 przejazdu do ceny biletu pomi\u0119dzy g\u0142\u00f3wnymi przystankami dodaje si\u0119 dop\u0142at\u0119 wskazan\u0105 w tabeli.<\/p>\n","protected":false},"excerpt":{"rendered":"<p>Ceny bilet\u00f3w &#8211; og\u00f3lne informacje Ceny bilet\u00f3w s\u0105 orientacyjne. Na ka\u017cdy kurs ceny ustalane s\u0105 indywidualne i mog\u0105 podlega\u0107 negocjacjom. Po dokonaniu rezerwacji cena mo\u017ce si\u0119 zmieni\u0107 do czasu zatwierdzenia rezerwacji i wystawienia biletu. Cena ju\u017c dokonanej rezerwacji nie zostanie podwy\u017cszona. Je\u015bli nie ustalono innych cen dla poszczeg\u00f3lnych przypadk\u00f3w, to obowi\u0105zuj\u0105 ceny podane poni\u017cej. Wrze\u015bnia [&hellip;]<\/p>\n","protected":false},"author":1,"featured_media":0,"parent":0,"menu_order":0,"comment_status":"closed","ping_status":"closed","template":"","meta":{"footnotes":""},"class_list":["post-267","page","type-page","status-publish","hentry"],"_links":{"self":[{"href":"https:\/\/szpitalbus.pl\/index.php?rest_route=\/wp\/v2\/pages\/267","targetHints":{"allow":["GET"]}}],"collection":[{"href":"https:\/\/szpitalbus.pl\/index.php?rest_route=\/wp\/v2\/pages"}],"about":[{"href":"https:\/\/szpitalbus.pl\/index.php?rest_route=\/wp\/v2\/types\/page"}],"author":[{"embeddable":true,"href":"https:\/\/szpitalbus.pl\/index.php?rest_route=\/wp\/v2\/users\/1"}],"replies":[{"embeddable":true,"href":"https:\/\/szpitalbus.pl\/index.php?rest_route=%2Fwp%2Fv2%2Fcomments&post=267"}],"version-history":[{"count":11,"href":"https:\/\/szpitalbus.pl\/index.php?rest_route=\/wp\/v2\/pages\/267\/revisions"}],"predecessor-version":[{"id":372,"href":"https:\/\/szpitalbus.pl\/index.php?rest_route=\/wp\/v2\/pages\/267\/revisions\/372"}],"wp:attachment":[{"href":"https:\/\/szpitalbus.pl\/index.php?rest_route=%2Fwp%2Fv2%2Fmedia&parent=267"}],"curies":[{"name":"wp","href":"https:\/\/api.w.org\/{rel}","templated":true}]}}