{"id":277,"date":"2026-03-24T17:20:47","date_gmt":"2026-03-24T16:20:47","guid":{"rendered":"https:\/\/szpitalbus.pl\/?page_id=277"},"modified":"2026-03-25T10:18:30","modified_gmt":"2026-03-25T09:18:30","slug":"tabliczki-rozkladow","status":"publish","type":"page","link":"https:\/\/szpitalbus.pl\/?page_id=277","title":{"rendered":"Tabliczki rozk\u0142ad\u00f3w"},"content":{"rendered":"\n<p><\/p>\n\n\n\n<p>Legenda: po uko\u015bniku \/ podano godzin\u0119 przyjazdu. Godziny podane dla przystank\u00f3w g\u0142\u00f3wnych oznaczonych [G\u0141]. Szczeg\u00f3\u0142owy rozk\u0142ad jazdy na danej trasie jest dost\u0119pny w menu po lewej stronie na <a href=\"http:\/\/szpitalbus.pl\" data-type=\"link\" data-id=\"szpitalbus.pl\">stronie g\u0142\u00f3wnej<\/a>. <\/p>\n\n\n\n<p>Rzeczywista godzina odjazdu i przyjazdu mo\u017ce si\u0119 r\u00f3\u017cni\u0107 od podanej w tabeli. <\/p>\n\n\n\n<h3 class=\"wp-block-heading\">Wrze\u015bnia &#8211; \u015aroda Wlkp. przez Ob\u0142aczkowo<\/h3>\n\n\n\n<figure class=\"wp-block-table\"><table class=\"has-fixed-layout\"><tbody><tr><td>06:07 \/06:37<\/td><td>27-30.04<\/td><\/tr><tr><td>08:07 \/08:37<\/td><td>31.03-03.04, 07-10.04, 13-17.04, 20-24.04<\/td><\/tr><\/tbody><\/table><\/figure>\n\n\n\n<p><\/p>\n\n\n\n<h3 class=\"wp-block-heading\">Wrze\u015bnia &#8211; \u015aroda Wlkp. przez Bierzglinek<\/h3>\n\n\n\n<p><\/p>\n\n\n\n<figure class=\"wp-block-table\"><table class=\"has-fixed-layout\"><tbody><tr><td>14:47 \/15:21<\/td><td>31.03-03.04, 20-24.04<\/td><\/tr><tr><td>15:47 \/16:21<\/td><td>13-17.04<\/td><\/tr><tr><td>16:02 \/16:36<\/td><td>07-10.04, 27-30.04<\/td><\/tr><\/tbody><\/table><\/figure>\n\n\n\n<h3 class=\"wp-block-heading\">\u015aroda Wlkp. &#8211; Wrze\u015bnia przez Ob\u0142aczkowo<\/h3>\n\n\n\n<p><\/p>\n\n\n\n<figure class=\"wp-block-table\"><table class=\"has-fixed-layout\"><tbody><tr><td>06:40 \/07:10<\/td><td>27-30.04<\/td><\/tr><tr><td>08:40 \/09:10<\/td><td>31.03-03.04, 07-10.04, 13-17.04, 20-24.04<\/td><\/tr><tr><td>16:39 \/17:10<\/td><td>07-10.04, 27-30.04<\/td><\/tr><tr><td>16:24 \/16:55<\/td><td>13-17.04<\/td><\/tr><\/tbody><\/table><\/figure>\n\n\n\n<p><\/p>\n\n\n\n<h3 class=\"wp-block-heading\">\u015aroda Wlkp. &#8211; Wrze\u015bnia przez Bierzglinek<\/h3>\n\n\n\n<p><\/p>\n\n\n\n<figure class=\"wp-block-table\"><table class=\"has-fixed-layout\"><tbody><tr><td>15:24 \/15:59<\/td><td>31.03-03.04, 20-24.04<\/td><\/tr><\/tbody><\/table><\/figure>\n","protected":false},"excerpt":{"rendered":"<p>Legenda: po uko\u015bniku \/ podano godzin\u0119 przyjazdu. Godziny podane dla przystank\u00f3w g\u0142\u00f3wnych oznaczonych [G\u0141]. Szczeg\u00f3\u0142owy rozk\u0142ad jazdy na danej trasie jest dost\u0119pny w menu po lewej stronie na stronie g\u0142\u00f3wnej. Rzeczywista godzina odjazdu i przyjazdu mo\u017ce si\u0119 r\u00f3\u017cni\u0107 od podanej w tabeli. Wrze\u015bnia &#8211; \u015aroda Wlkp. przez Ob\u0142aczkowo 06:07 \/06:37 27-30.04 08:07 \/08:37 31.03-03.04, 07-10.04, [&hellip;]<\/p>\n","protected":false},"author":1,"featured_media":0,"parent":0,"menu_order":0,"comment_status":"closed","ping_status":"closed","template":"","meta":{"footnotes":""},"class_list":["post-277","page","type-page","status-publish","hentry"],"_links":{"self":[{"href":"https:\/\/szpitalbus.pl\/index.php?rest_route=\/wp\/v2\/pages\/277","targetHints":{"allow":["GET"]}}],"collection":[{"href":"https:\/\/szpitalbus.pl\/index.php?rest_route=\/wp\/v2\/pages"}],"about":[{"href":"https:\/\/szpitalbus.pl\/index.php?rest_route=\/wp\/v2\/types\/page"}],"author":[{"embeddable":true,"href":"https:\/\/szpitalbus.pl\/index.php?rest_route=\/wp\/v2\/users\/1"}],"replies":[{"embeddable":true,"href":"https:\/\/szpitalbus.pl\/index.php?rest_route=%2Fwp%2Fv2%2Fcomments&post=277"}],"version-history":[{"count":4,"href":"https:\/\/szpitalbus.pl\/index.php?rest_route=\/wp\/v2\/pages\/277\/revisions"}],"predecessor-version":[{"id":355,"href":"https:\/\/szpitalbus.pl\/index.php?rest_route=\/wp\/v2\/pages\/277\/revisions\/355"}],"wp:attachment":[{"href":"https:\/\/szpitalbus.pl\/index.php?rest_route=%2Fwp%2Fv2%2Fmedia&parent=277"}],"curies":[{"name":"wp","href":"https:\/\/api.w.org\/{rel}","templated":true}]}}