{"id":45,"date":"2026-02-24T16:41:54","date_gmt":"2026-02-24T15:41:54","guid":{"rendered":"https:\/\/szpitalbus.pl\/?page_id=45"},"modified":"2026-03-19T14:45:22","modified_gmt":"2026-03-19T13:45:22","slug":"rozklad-jazdy-2-2","status":"publish","type":"page","link":"https:\/\/szpitalbus.pl\/?page_id=45","title":{"rendered":"KACZANOWO &#8211; WRZE\u015aNIA"},"content":{"rendered":"\n<p class=\"has-normal-font-size\">Rozk\u0142ad jazdy dzie\u0144 po dniu na trasie KACZANOWO &#8211; WRZE\u015aNIA. Rozk\u0142ad ulega zmianie wraz z kolejnymi zam\u00f3wieniami i \u017cyczeniami pasa\u017cer\u00f3w.<\/p>\n\n<!-- \/wp:post-content -->\n\n<!-- wp:paragraph {\"style\":{\"elements\":{\"link\":{\"color\":{\"text\":\"var:preset|color|terniary\"}}}},\"textColor\":\"terniary\"} -->\n<p class=\"has-terniary-color has-text-color has-link-color\">Na razie nie ma nowych kurs\u00f3w. Zg\u0142o\u015b zapotrzebowanie na kursy, a zostan\u0105 dodane do oferty.<\/p>\n<!-- \/wp:paragraph -->\n\n<!-- wp:paragraph -->\n<p><\/p>\n<!-- \/wp:paragraph -->","protected":false},"excerpt":{"rendered":"<p>Rozk\u0142ad jazdy dzie\u0144 po dniu na trasie KACZANOWO &#8211; WRZE\u015aNIA. Rozk\u0142ad ulega zmianie wraz z kolejnymi zam\u00f3wieniami i \u017cyczeniami pasa\u017cer\u00f3w. Na razie nie ma nowych kurs\u00f3w. Zg\u0142o\u015b zapotrzebowanie na kursy, a zostan\u0105 dodane do oferty.<\/p>\n","protected":false},"author":1,"featured_media":0,"parent":0,"menu_order":0,"comment_status":"closed","ping_status":"closed","template":"","meta":{"footnotes":""},"class_list":["post-45","page","type-page","status-publish","hentry"],"_links":{"self":[{"href":"https:\/\/szpitalbus.pl\/index.php?rest_route=\/wp\/v2\/pages\/45","targetHints":{"allow":["GET"]}}],"collection":[{"href":"https:\/\/szpitalbus.pl\/index.php?rest_route=\/wp\/v2\/pages"}],"about":[{"href":"https:\/\/szpitalbus.pl\/index.php?rest_route=\/wp\/v2\/types\/page"}],"author":[{"embeddable":true,"href":"https:\/\/szpitalbus.pl\/index.php?rest_route=\/wp\/v2\/users\/1"}],"replies":[{"embeddable":true,"href":"https:\/\/szpitalbus.pl\/index.php?rest_route=%2Fwp%2Fv2%2Fcomments&post=45"}],"version-history":[{"count":9,"href":"https:\/\/szpitalbus.pl\/index.php?rest_route=\/wp\/v2\/pages\/45\/revisions"}],"predecessor-version":[{"id":240,"href":"https:\/\/szpitalbus.pl\/index.php?rest_route=\/wp\/v2\/pages\/45\/revisions\/240"}],"wp:attachment":[{"href":"https:\/\/szpitalbus.pl\/index.php?rest_route=%2Fwp%2Fv2%2Fmedia&parent=45"}],"curies":[{"name":"wp","href":"https:\/\/api.w.org\/{rel}","templated":true}]}}