{"id":57,"date":"2026-02-24T16:55:19","date_gmt":"2026-02-24T15:55:19","guid":{"rendered":"https:\/\/szpitalbus.pl\/?page_id=57"},"modified":"2026-03-19T14:47:01","modified_gmt":"2026-03-19T13:47:01","slug":"rozklad-jazdy-2-2-2-2","status":"publish","type":"page","link":"https:\/\/szpitalbus.pl\/?page_id=57","title":{"rendered":"PSARY MA\u0141E &#8211; WRZE\u015aNIA"},"content":{"rendered":"\n<p class=\"has-normal-font-size\">Rozk\u0142ad jazdy dzie\u0144 po dniu na trasie PSARY MA\u0141E &#8211; WRZE\u015aNIA. Rozk\u0142ad ulega zmianie wraz z kolejnymi zam\u00f3wieniami i \u017cyczeniami pasa\u017cer\u00f3w.<\/p>\n\n\n\n\n<p class=\"has-terniary-color has-text-color has-link-color wp-elements-f101b7786136b777be4c9021551881c6\">Na razie nie ma nowych kurs\u00f3w. Zg\u0142o\u015b zapotrzebowanie na kursy, a zostan\u0105 dodane do oferty.<\/p>\n\n\n\n<p><\/p>\n","protected":false},"excerpt":{"rendered":"<p>Rozk\u0142ad jazdy dzie\u0144 po dniu na trasie PSARY MA\u0141E &#8211; WRZE\u015aNIA. Rozk\u0142ad ulega zmianie wraz z kolejnymi zam\u00f3wieniami i \u017cyczeniami pasa\u017cer\u00f3w. Na razie nie ma nowych kurs\u00f3w. Zg\u0142o\u015b zapotrzebowanie na kursy, a zostan\u0105 dodane do oferty.<\/p>\n","protected":false},"author":1,"featured_media":0,"parent":0,"menu_order":0,"comment_status":"closed","ping_status":"closed","template":"","meta":{"footnotes":""},"class_list":["post-57","page","type-page","status-publish","hentry"],"_links":{"self":[{"href":"https:\/\/szpitalbus.pl\/index.php?rest_route=\/wp\/v2\/pages\/57","targetHints":{"allow":["GET"]}}],"collection":[{"href":"https:\/\/szpitalbus.pl\/index.php?rest_route=\/wp\/v2\/pages"}],"about":[{"href":"https:\/\/szpitalbus.pl\/index.php?rest_route=\/wp\/v2\/types\/page"}],"author":[{"embeddable":true,"href":"https:\/\/szpitalbus.pl\/index.php?rest_route=\/wp\/v2\/users\/1"}],"replies":[{"embeddable":true,"href":"https:\/\/szpitalbus.pl\/index.php?rest_route=%2Fwp%2Fv2%2Fcomments&post=57"}],"version-history":[{"count":16,"href":"https:\/\/szpitalbus.pl\/index.php?rest_route=\/wp\/v2\/pages\/57\/revisions"}],"predecessor-version":[{"id":243,"href":"https:\/\/szpitalbus.pl\/index.php?rest_route=\/wp\/v2\/pages\/57\/revisions\/243"}],"wp:attachment":[{"href":"https:\/\/szpitalbus.pl\/index.php?rest_route=%2Fwp%2Fv2%2Fmedia&parent=57"}],"curies":[{"name":"wp","href":"https:\/\/api.w.org\/{rel}","templated":true}]}}