{"id":71,"date":"2026-02-24T17:06:37","date_gmt":"2026-02-24T16:06:37","guid":{"rendered":"https:\/\/szpitalbus.pl\/?page_id=71"},"modified":"2026-02-26T12:35:59","modified_gmt":"2026-02-26T11:35:59","slug":"rozklad-jazdy-2-2-2-2-2-2-2","status":"publish","type":"page","link":"https:\/\/szpitalbus.pl\/?page_id=71","title":{"rendered":"INNE TRASY"},"content":{"rendered":"\n<p class=\"has-normal-font-size\">Rozk\u0142ad jazdy dzie\u0144 po dniu na innych trasach ni\u017c wskazane na stronie g\u0142\u00f3wnej. Rozk\u0142ad ulega zmianie wraz z kolejnymi zam\u00f3wieniami i \u017cyczeniami pasa\u017cer\u00f3w.<\/p>\n\n\n\n<h2 class=\"wp-block-heading\">Cz. 19.03.2026<\/h2>\n\n\n\n<p id=\"19-03-2026\">.<\/p>\n\n\n\n<h2 class=\"wp-block-heading\">Pt. 20.03.2026<\/h2>\n\n\n\n<p id=\"20-03-2026\">.<\/p>\n\n\n\n<h2 class=\"wp-block-heading\">Sb. 21.03.2026<\/h2>\n\n\n\n<p id=\"21-03-2026\">.<\/p>\n\n\n\n<h2 class=\"wp-block-heading\">Nd. 22.03.2026<\/h2>\n\n\n\n<p id=\"22-03-2026\">.<\/p>\n\n\n\n<p>Pn. 23.03.2026<\/p>\n\n\n\n<p id=\"23-03-2026\">.<\/p>\n\n\n\n<p>Wt. 24.03.2026<\/p>\n\n\n\n<p id=\"24-03-2026\">.<\/p>\n\n\n\n<p>\u015ar. 25.032026<\/p>\n\n\n\n<p id=\"25-03-2026\">.<\/p>\n\n\n\n<p>Cz. 26.03.2026<\/p>\n\n\n\n<p id=\"26-03-2026\">.<\/p>\n\n\n\n<p>Pt. 27.03.2026<\/p>\n\n\n\n<p id=\"27-03-2026\">.<\/p>\n\n\n\n<p>Sb. 28.03.2026<\/p>\n\n\n\n<p id=\"28-03-2026\">.<\/p>\n\n\n\n<p>Nd. 29.03.2026<\/p>\n\n\n\n<p id=\"29-03-2026\">.<\/p>\n\n\n\n<p>Pn. 30.03.2026<\/p>\n\n\n\n<p id=\"30-03-2026\">.<\/p>\n\n\n\n<p>Wt. 31.03.2026<\/p>\n\n\n\n<p id=\"31-03-2026\">.<\/p>\n\n\n\n<p>\u015ar. 01.04.2026<\/p>\n\n\n\n<p id=\"01-04-2026\">.<\/p>\n\n\n\n<p>Cz. 02.04.2026<\/p>\n\n\n\n<p id=\"02-04-2026\">.<\/p>\n\n\n\n<p>Pt. 03.04.2026<\/p>\n\n\n\n<p id=\"03-04-2026\">.<\/p>\n\n\n\n<p>Sb. 04.04.2026<\/p>\n\n\n\n<p id=\"04-04-2026\">.<\/p>\n\n\n\n<p>Nd. 05.04.2026<\/p>\n\n\n\n<p id=\"05-04-2026\">.<\/p>\n\n\n\n<p>Pn. 06.04.2026<\/p>\n\n\n\n<p id=\"06-04-2026\">.<\/p>\n\n\n\n<p>Wt. 07.04.2026<\/p>\n\n\n\n<p id=\"07-04-2026\">.<\/p>\n\n\n\n<p>\u015ar. 08.04.2026<\/p>\n\n\n\n<p id=\"08-04-2026\">.<\/p>\n\n\n\n<p>Cz. 09.04.2026<\/p>\n\n\n\n<p id=\"09-04-2026\">.<\/p>\n\n\n\n<p>Pt. 10.04.2026<\/p>\n\n\n\n<p id=\"10-04-2026\">.<\/p>\n\n\n\n<p>Sb. 11.04.2026<\/p>\n\n\n\n<p id=\"11-04-2026\">.<\/p>\n\n\n\n<p>Nd. 12.04.2026<\/p>\n\n\n\n<p id=\"12-04-2026\">.<\/p>\n\n\n\n<p>Pn. 13.04.2026<\/p>\n\n\n\n<p id=\"13-04-2026\">.<\/p>\n\n\n\n<p>Wt. 14.04.2026<\/p>\n\n\n\n<p id=\"14-04-2026\">.<\/p>\n\n\n\n<p>\u015ar. 15.04.2026<\/p>\n\n\n\n<p id=\"15-04-2026\">.<\/p>\n\n\n\n<p>Cz. 16.04.2026<\/p>\n\n\n\n<p id=\"16-04-2026\">.<\/p>\n\n\n\n<p>Pt. 17.04.2026<\/p>\n\n\n\n<p id=\"17-04-2026\">.<\/p>\n\n\n\n<p>Sb. 18.04.2026<\/p>\n\n\n\n<p id=\"18-04-2026\">.<\/p>\n\n\n\n<p>Nd. 19.04.2026<\/p>\n\n\n\n<p id=\"19-04-2026\">.<\/p>\n\n\n\n<p>Pn. 20.04.2026<\/p>\n\n\n\n<p id=\"20-04-2026\">.<\/p>\n\n\n\n<p>Wt. 21.04.2026<\/p>\n\n\n\n<p id=\"21-04-2026\">.<\/p>\n\n\n\n<p>\u015ar. 22.04.2026<\/p>\n\n\n\n<p id=\"22-04-2026\">.<\/p>\n\n\n\n<p>Cz. 23.04.2026<\/p>\n\n\n\n<p id=\"23-04-2026\">.<\/p>\n\n\n\n<p>Pt. 24.04.2026<\/p>\n\n\n\n<p id=\"24-04-2026\">.<\/p>\n\n\n\n<p>Sb. 25.04.2026<\/p>\n\n\n\n<p id=\"25-04-2026\">.<\/p>\n\n\n\n<p>Nd. 26.04.2026.<\/p>\n\n\n\n<p id=\"26-04-2026\">.<\/p>\n\n\n\n<p>Pn. 27.04.2026<\/p>\n\n\n\n<p id=\"27-04-2026\">.<\/p>\n\n\n\n<p>Wt. 28.04.2026<\/p>\n\n\n\n<p id=\"28-04-2026\">.<\/p>\n\n\n\n<p>\u015ar. 29.04.2026<\/p>\n\n\n\n<p id=\"29-04-2026\">.<\/p>\n\n\n\n<p>Cz. 30.04.2026<\/p>\n\n\n\n<p id=\"30-04-2026\">.<\/p>\n\n\n\n<p>Pt. 01.05.2026<\/p>\n\n\n\n<p id=\"01-05-2026\">.<\/p>\n\n\n\n<p>Sb. 02.05.2026<\/p>\n\n\n\n<p id=\"02-05-2026\">.<\/p>\n\n\n\n<p>Nd. 03.05.2026<\/p>\n\n\n\n<p id=\"03-05-2026\">.<\/p>\n\n\n\n<p>Pn. 04.05.2026<\/p>\n\n\n\n<p id=\"04-05-2026\">.<\/p>\n\n\n\n<p>Wt. 05.05.2026<\/p>\n\n\n\n<p id=\"05-05-2026\">.<\/p>\n\n\n\n<p>\u015ar. 06.05.2026<\/p>\n\n\n\n<p>.<\/p>\n\n\n\n<p>Cz. 07.05.2026<\/p>\n\n\n\n<p id=\"07-05-2026\">.<\/p>\n\n\n\n<p>Pt. 08.05.2026<\/p>\n\n\n\n<p id=\"08-05-2026\">.<\/p>\n\n\n\n<p>Sb. 09.05.2026<\/p>\n\n\n\n<p id=\"09-05-2026\">.<\/p>\n\n\n\n<p>Nd. 10.05.2026<\/p>\n\n\n\n<p id=\"10-05-2026\">.<\/p>\n\n\n\n<p>Pn. 11.05.2026<\/p>\n\n\n\n<p id=\"11-05-2026\">.<\/p>\n\n\n\n<p>Wt. 12.05.2026<\/p>\n\n\n\n<p id=\"12-05-2026\">.<\/p>\n\n\n\n<p>\u015ar. 13.05.2026<\/p>\n\n\n\n<p id=\"13-05-2026\">.<\/p>\n\n\n\n<p>Cz. 14.05.2026<\/p>\n\n\n\n<p id=\"14-05-2026\">.<\/p>\n\n\n\n<p>Pt. 15.05.2026<\/p>\n\n\n\n<p id=\"15-05-2026\">.<\/p>\n\n\n\n<p>Sb. 16.05.2026<\/p>\n\n\n\n<p id=\"16-05-2026\">.<\/p>\n\n\n\n<p>Nd. 17.05.2026<\/p>\n\n\n\n<p id=\"17-05-2026\">.<\/p>\n\n\n\n<p>Pn. 18.05.2026<\/p>\n\n\n\n<p id=\"18-05-2026\">.<\/p>\n\n\n\n<p>Wt. 19.05.2026<\/p>\n\n\n\n<p id=\"19-05-2026\">.<\/p>\n\n\n\n<p>\u015ar. 20.05.2026<\/p>\n\n\n\n<p id=\"20-05-2026\">.<\/p>\n\n\n\n<p>Cz. 21.05.2026<\/p>\n\n\n\n<p id=\"21-05-2026\">.<\/p>\n\n\n\n<p>Pt. 22.05.2026<\/p>\n\n\n\n<p id=\"22-05-2026\">.<\/p>\n\n\n\n<p>Sb. 23.05.2026<\/p>\n\n\n\n<p id=\"23-05-2026\">.<\/p>\n\n\n\n<p>Nd. 24.05.2026<\/p>\n\n\n\n<p id=\"24-05-2026\">.<\/p>\n\n\n\n<p>Pn. 25.05.2026<\/p>\n\n\n\n<p id=\"25-05-2026\">.<\/p>\n\n\n\n<p>Wt. 26.05.2026<\/p>\n\n\n\n<p id=\"26-05-2026\">.<\/p>\n\n\n\n<p>\u015ar. 27.05.2026<\/p>\n\n\n\n<p id=\"27-05-2026\">.<\/p>\n\n\n\n<p>Cz. 28.05.2026<\/p>\n\n\n\n<p id=\"28-05-2026\">.<\/p>\n\n\n\n<p>Pt. 29.05.2026<\/p>\n\n\n\n<p id=\"29-05-2026\">.<\/p>\n\n\n\n<p>Sb. 30.05.2026<\/p>\n\n\n\n<p id=\"30-05-2026\">.<\/p>\n\n\n\n<p>Nd. 31.05.2026<\/p>\n\n\n\n<p id=\"31-05-2026\">.<\/p>\n\n\n\n<p>Pn. 01.06.2026<\/p>\n\n\n\n<p id=\"01-06-2026\">.<\/p>\n\n\n\n<p>Wt. 02.06.2026<\/p>\n\n\n\n<p id=\"02-06-2026\">.<\/p>\n\n\n\n<p>\u015ar. 03.06.2026<\/p>\n\n\n\n<p id=\"03-06-2026\">.<\/p>\n\n\n\n<p>Cz. 04.06.2026<\/p>\n\n\n\n<p id=\"04-06-2026\">.<\/p>\n\n\n\n<p>Pt. 05.06.2026<\/p>\n\n\n\n<p id=\"05-06-2026\">.<\/p>\n\n\n\n<p>Sb. 06.06.2026<\/p>\n\n\n\n<p id=\"06-06-2026\">.<\/p>\n\n\n\n<p>Nd. 07.06.2026<\/p>\n\n\n\n<p id=\"07-06-2026\">.<\/p>\n\n\n\n<p>Pn. 08.06.2026<\/p>\n\n\n\n<p id=\"08-06-2026\">.<\/p>\n\n\n\n<p>Wt. 09.06.2026<\/p>\n\n\n\n<p id=\"09-06-2026\">.<\/p>\n\n\n\n<p>\u015ar. 10.06.2026<\/p>\n\n\n\n<p id=\"10-06-2026\">.<\/p>\n\n\n\n<p>Cz. 11.06.2026<\/p>\n\n\n\n<p id=\"11-06-2026\">.<\/p>\n\n\n\n<p>Pt. 12.06.2026<\/p>\n\n\n\n<p id=\"12-06-2026\">.<\/p>\n\n\n\n<p>Sb. 13.06.2026<\/p>\n\n\n\n<p id=\"13-06-2026\">.<\/p>\n\n\n\n<p>Nd. 14.06.2026<\/p>\n\n\n\n<p id=\"14-06-2026\">.<\/p>\n\n\n\n<p>Pn. 15.06.2026<\/p>\n\n\n\n<p id=\"15-06-2026\">.<\/p>\n\n\n\n<p>Wt. 16.06.2026<\/p>\n\n\n\n<p id=\"16-06-2026\">.<\/p>\n\n\n\n<p>\u015ar. 17.06.2026<\/p>\n\n\n\n<p id=\"17-06-2026\">.<\/p>\n\n\n\n<p>Cz. 18.06.2026<\/p>\n\n\n\n<p id=\"18-06-2026\">.<\/p>\n\n\n\n<p>Pt. 19.06.2026<\/p>\n\n\n\n<p id=\"19-06-2026\">.<\/p>\n\n\n\n<p>Sb. 20.06.2026<\/p>\n\n\n\n<p id=\"20-06-2026\">.<\/p>\n\n\n\n<p>Nd. 21.06.2026<\/p>\n\n\n\n<p id=\"21-06-2026\">.<\/p>\n\n\n\n<p>Pn. 22.06.2026<\/p>\n\n\n\n<p id=\"22-06-2026\">.<\/p>\n\n\n\n<p>Wt. 23.06.2026<\/p>\n\n\n\n<p id=\"23-06-2026\">.<\/p>\n\n\n\n<p>\u015ar. 24.06.2026<\/p>\n\n\n\n<p id=\"24-06-2026\">.<\/p>\n\n\n\n<p>Cz. 25.06.2026<\/p>\n\n\n\n<p id=\"25-06-2026\">.<\/p>\n\n\n\n<p>Pt. 26.06.2026<\/p>\n\n\n\n<p id=\"26-06-2026\">.<\/p>\n\n\n\n<p>Sb. 27.06.2026<\/p>\n\n\n\n<p id=\"27-06-2026\">.<\/p>\n\n\n\n<p>Nd. 28.06.2026<\/p>\n\n\n\n<p id=\"28-06-2026\">.<\/p>\n\n\n\n<p>Pn. 29.06.2026<\/p>\n\n\n\n<p id=\"29-06-2026\">.<\/p>\n\n\n\n<p>Wt. 30.06.2026<\/p>\n\n\n\n<p id=\"30-06-2026\">.<\/p>\n\n\n\n<p>\u015ar. 01.07.2026<\/p>\n\n\n\n<p id=\"01-07-2026\">.<\/p>\n\n\n\n<p>Cz. 02.07.2026<\/p>\n\n\n\n<p id=\"02-07-2026\">.<\/p>\n\n\n\n<p>Pt. 03.07.2026<\/p>\n\n\n\n<p id=\"03-07-2026\">.<\/p>\n\n\n\n<p>Sb. 04.07.2026<\/p>\n\n\n\n<p id=\"04-07-2026\">.<\/p>\n\n\n\n<p>Nd. 05.07.2026<\/p>\n\n\n\n<p id=\"05-07-2026\">.<\/p>\n\n\n\n<p>Pn. 06.07.2026<\/p>\n\n\n\n<p id=\"06-07-2026\">.<\/p>\n\n\n\n<p>Wt. 07.07.2026<\/p>\n\n\n\n<p id=\"07-07-2026\">.<\/p>\n\n\n\n<p>\u015ar. 08.07.2026<\/p>\n\n\n\n<p id=\"08-07-2026\">.<\/p>\n\n\n\n<p>Cz. 09.07.2026<\/p>\n\n\n\n<p id=\"09-07-2026\">.<\/p>\n\n\n\n<p>Pt.. 10.07.2026<\/p>\n\n\n\n<p id=\"10-07-2026\">.<\/p>\n\n\n\n<p>Sb. 11.07.2026<\/p>\n\n\n\n<p id=\"11-07-2026\">.<\/p>\n\n\n\n<p>Nd. 12.07.2026<\/p>\n\n\n\n<p id=\"12-07-2026\">.<\/p>\n\n\n\n<p>Pn. 13.07.2026<\/p>\n\n\n\n<p id=\"13-07-2026\">.<\/p>\n\n\n\n<p>Wt. 14.07.2026<\/p>\n\n\n\n<p id=\"14-07-2026\">.<\/p>\n\n\n\n<p>\u015ar. 15.07.2026<\/p>\n\n\n\n<p id=\"15-07-2026\">.<\/p>\n\n\n\n<p>Cz. 16.07.2026<\/p>\n\n\n\n<p id=\"16-07-2026\">.<\/p>\n\n\n\n<p>Pt. 17.07.2026<\/p>\n\n\n\n<p id=\"17-07-2026\">.<\/p>\n\n\n\n<p>Sb. 18.07.2026<\/p>\n\n\n\n<p id=\"18-07-2026\">.<\/p>\n\n\n\n<p>Nd. 19.07.2026<\/p>\n\n\n\n<p id=\"19-07-2026\">.<\/p>\n\n\n\n<p>Pn. 20.07.2026<\/p>\n\n\n\n<p id=\"20-07-2026\">.<\/p>\n\n\n\n<p>Wt. 21.07.2026<\/p>\n\n\n\n<p id=\"21-07-2026\">.<\/p>\n\n\n\n<p>\u015ar. 22.07.2026<\/p>\n\n\n\n<p id=\"22-07-2026\">.<\/p>\n\n\n\n<p>Cz. 23.07.2026<\/p>\n\n\n\n<p id=\"23-07-2026\">.<\/p>\n\n\n\n<p>Pt. 24.07.2026<\/p>\n\n\n\n<p id=\"24-07-2026\">.<\/p>\n\n\n\n<p>Sb. 25.07.2026<\/p>\n\n\n\n<p id=\"25-07-2026\">.<\/p>\n\n\n\n<p>Nd. 26.07.2026<\/p>\n\n\n\n<p id=\"26-07-2026\">.<\/p>\n\n\n\n<p>Pn. 27.07.2026<\/p>\n\n\n\n<p id=\"27-07-2026\">.<\/p>\n\n\n\n<p>Wt. 28.07.2026<\/p>\n\n\n\n<p id=\"28-07-2026\">.<\/p>\n\n\n\n<p>\u015ar. 29.07.2026<\/p>\n\n\n\n<p id=\"29-07-2026\">.<\/p>\n\n\n\n<p>Cz. 30.07.2026<\/p>\n\n\n\n<p id=\"30-07-2026\">.<\/p>\n\n\n\n<p>Pt. 31.07.2026<\/p>\n\n\n\n<p id=\"31-07-2026\">.<\/p>\n\n\n\n<p>Sb. 01.08.2026<\/p>\n\n\n\n<p id=\"01-08-2026\">.<\/p>\n\n\n\n<p>Nd. 02.08.2026<\/p>\n\n\n\n<p id=\"02-08-2026\">.<\/p>\n\n\n\n<p>Pn. 03.08.2026<\/p>\n\n\n\n<p id=\"03-08-2026\">.<\/p>\n\n\n\n<p>Wt. 04.08.2026<\/p>\n\n\n\n<p id=\"04-08-2026\">.<\/p>\n\n\n\n<p>\u015ar. 05.08.2026<\/p>\n\n\n\n<p id=\"05-08-2026\">.<\/p>\n\n\n\n<p>Cz. 06.08.2026<\/p>\n\n\n\n<p id=\"06-08-2026\">.<\/p>\n\n\n\n<p>Pt. 07.08.2026<\/p>\n\n\n\n<p id=\"07-08-2026\">.<\/p>\n\n\n\n<p>Sb. 08.08.2026<\/p>\n\n\n\n<p id=\"08-08-2026\">.<\/p>\n\n\n\n<p>Nd. 09.08.2026<\/p>\n\n\n\n<p id=\"09-08-2026\">.<\/p>\n\n\n\n<p>Pn. 10.08.2026<\/p>\n\n\n\n<p id=\"10-08-2026\">.<\/p>\n\n\n\n<p>Wt. 11.08.2026<\/p>\n\n\n\n<p id=\"11-08-2026\">.<\/p>\n\n\n\n<p>\u015ar. 12.08.2026<\/p>\n\n\n\n<p id=\"12-08-2026\">.<\/p>\n\n\n\n<p>Cz. 13.08.2026<\/p>\n\n\n\n<p id=\"13-08-2026\">.<\/p>\n\n\n\n<p>Pt. 14.08.2026<\/p>\n\n\n\n<p id=\"14-08-2026\">.<\/p>\n\n\n\n<p>Sb. 15.08.2026<\/p>\n\n\n\n<p id=\"15-08-2026\">.<\/p>\n\n\n\n<p>Nd. 16.08.2026<\/p>\n\n\n\n<p id=\"16-08-2026\">.<\/p>\n\n\n\n<p>Pn. 17.08.2026<\/p>\n\n\n\n<p id=\"17-08-2026\">.<\/p>\n\n\n\n<p>Wt. 18.08.2026<\/p>\n\n\n\n<p id=\"18-08-2026\">.<\/p>\n\n\n\n<p>\u015ar. 19.08.2026<\/p>\n\n\n\n<p id=\"19-08-2026\">.<\/p>\n\n\n\n<p>Cz. 20.08.2026<\/p>\n\n\n\n<p id=\"20-08-2026\">.<\/p>\n\n\n\n<p>Pt. 21.08.2026<\/p>\n\n\n\n<p id=\"21-08-2026\">.<\/p>\n\n\n\n<p>Sb. 22.08.2026<\/p>\n\n\n\n<p id=\"22-08-2026\">.<\/p>\n\n\n\n<p>Nd. 23.08.2026<\/p>\n\n\n\n<p id=\"23-08-2026\">.<\/p>\n\n\n\n<p>Pn. 24.08.2026<\/p>\n\n\n\n<p id=\"24-08-2026\">.<\/p>\n\n\n\n<p>Wt. 25.08.2026<\/p>\n\n\n\n<p id=\"25-08-2026\">.<\/p>\n\n\n\n<p>\u015ar. 26.08.2026<\/p>\n\n\n\n<p id=\"26-08-2026\">.<\/p>\n\n\n\n<p>Cz. 27.08.2026<\/p>\n\n\n\n<p id=\"27-08-2026\">.<\/p>\n\n\n\n<p>Pt. 28.08.2026<\/p>\n\n\n\n<p id=\"28-08-2026\">.<\/p>\n\n\n\n<p>Sb. 29.08.2026<\/p>\n\n\n\n<p id=\"29-08-2026\">.<\/p>\n\n\n\n<p>Nd. 30.08.2026<\/p>\n\n\n\n<p id=\"30-08-2026\">.<\/p>\n\n\n\n<p>Pn. 31.08.2026<\/p>\n\n\n\n<p id=\"31-08-2026\">.<\/p>\n\n\n\n<p><\/p>\n","protected":false},"excerpt":{"rendered":"<p>Rozk\u0142ad jazdy dzie\u0144 po dniu na innych trasach ni\u017c wskazane na stronie g\u0142\u00f3wnej. Rozk\u0142ad ulega zmianie wraz z kolejnymi zam\u00f3wieniami i \u017cyczeniami pasa\u017cer\u00f3w. Cz. 19.03.2026 . Pt. 20.03.2026 . Sb. 21.03.2026 . Nd. 22.03.2026 . Pn. 23.03.2026 . Wt. 24.03.2026 . \u015ar. 25.032026 . Cz. 26.03.2026 . Pt. 27.03.2026 . Sb. 28.03.2026 . Nd. 29.03.2026 [&hellip;]<\/p>\n","protected":false},"author":1,"featured_media":0,"parent":0,"menu_order":0,"comment_status":"closed","ping_status":"closed","template":"","meta":{"footnotes":""},"class_list":["post-71","page","type-page","status-publish","hentry"],"_links":{"self":[{"href":"https:\/\/szpitalbus.pl\/index.php?rest_route=\/wp\/v2\/pages\/71","targetHints":{"allow":["GET"]}}],"collection":[{"href":"https:\/\/szpitalbus.pl\/index.php?rest_route=\/wp\/v2\/pages"}],"about":[{"href":"https:\/\/szpitalbus.pl\/index.php?rest_route=\/wp\/v2\/types\/page"}],"author":[{"embeddable":true,"href":"https:\/\/szpitalbus.pl\/index.php?rest_route=\/wp\/v2\/users\/1"}],"replies":[{"embeddable":true,"href":"https:\/\/szpitalbus.pl\/index.php?rest_route=%2Fwp%2Fv2%2Fcomments&post=71"}],"version-history":[{"count":3,"href":"https:\/\/szpitalbus.pl\/index.php?rest_route=\/wp\/v2\/pages\/71\/revisions"}],"predecessor-version":[{"id":145,"href":"https:\/\/szpitalbus.pl\/index.php?rest_route=\/wp\/v2\/pages\/71\/revisions\/145"}],"wp:attachment":[{"href":"https:\/\/szpitalbus.pl\/index.php?rest_route=%2Fwp%2Fv2%2Fmedia&parent=71"}],"curies":[{"name":"wp","href":"https:\/\/api.w.org\/{rel}","templated":true}]}}