{"id":83,"date":"2026-02-25T11:24:04","date_gmt":"2026-02-25T10:24:04","guid":{"rendered":"https:\/\/szpitalbus.pl\/?page_id=83"},"modified":"2026-02-25T22:04:48","modified_gmt":"2026-02-25T21:04:48","slug":"jak-to-dziala","status":"publish","type":"page","link":"https:\/\/szpitalbus.pl\/?page_id=83","title":{"rendered":"Jak to dzia\u0142a?"},"content":{"rendered":"\n<p>Pytania i odpowiedzi<\/p>\n\n\n\n<h4 class=\"wp-block-heading\">Co to jest Szpitalbus?<\/h4>\n\n\n\n<p>Szpitalbus to jest us\u0142uga transportowa &#8211; okazjonalny przew\u00f3z os\u00f3b na trasie Wrze\u015bnia, szpital &#8211; \u015aroda Wlkp., szpital. S\u0105 to licencjonowane i legalne przewozy realizowane 9-osobowym busem. Przew\u00f3z os\u00f3b odbywa si\u0119 po zebraniu grupy pasa\u017cer\u00f3w ch\u0119tnych na przejazd w danym terminie. <\/p>\n\n\n\n<h3 class=\"wp-block-heading has-text-align-center\"><strong>PRZYSTANKI<\/strong><\/h3>\n\n\n\n<h4 class=\"wp-block-heading\">Czy mo\u017cna dojecha\u0107 tylko do Wrze\u015bni i \u015arody Wlkp.?<\/h4>\n\n\n\n<p>Nie, przewozy nie s\u0105 ograniczone do tych dw\u00f3ch miast. Realizujemy przew\u00f3z os\u00f3b tak\u017ce do innych miast i wsi. Opr\u00f3cz tras wskazanych na stronie g\u0142\u00f3wnej, mo\u017cemy zorganizowa\u0107 przew\u00f3z na terenie ca\u0142ej Polski.<\/p>\n\n\n\n<h4 class=\"wp-block-heading\">Czy bus zatrzymuje si\u0119 na przystankach autobusowych?<\/h4>\n\n\n\n<p>Bus nie zatrzymuje si\u0119 na przystankach autobusowych, poniewa\u017c s\u0105 to przewozy okazjonalne. Bus zatrzymuje si\u0119 w innych wskazanych miejscach okre\u015blanych jako przystanki Szpitalbusa, ale nie s\u0105 to przystanki autobusowe. Wykaz przystank\u00f3w mo\u017cna sprawdzi\u0107 <a href=\"https:\/\/szpitalbus.pl\/?page_id=85\" data-type=\"page\" data-id=\"85\">TUTAJ<\/a>. Podczas dokonywania rezerwacji pasa\u017cer okre\u015bla przystanki wsiadania i wysiadania. W czasie przejazdu nie ma ju\u017c mo\u017cliwo\u015bci zmiany wcze\u015bniej uzgodnionego miejsca wsiadania i wysiadania, chocia\u017c istnieje mo\u017cliwo\u015b\u0107 indywidualnych uzgodnie\u0144.<\/p>\n\n\n\n<h4 class=\"wp-block-heading\">Czy jest mo\u017cliwo\u015b\u0107 wsiadania\/wysiadania poza przystankami?<\/h4>\n\n\n\n<p>Tak, jest taka mo\u017cliwo\u015b\u0107 jako us\u0142uga dodatkowa za dop\u0142at\u0105. Ch\u0119\u0107 wsiadania lub wysiadania w miejscu poza przystankiem Szpitalbusa nale\u017cy zg\u0142osi\u0107 podczas zakupu rezerwacji. W czasie przejazdu nie ma ju\u017c mo\u017cliwo\u015bci zmiany wcze\u015bniej uzgodnionego miejsca wsiadania i wysiadania, chocia\u017c istnieje mo\u017cliwo\u015b\u0107 indywidualnych uzgodnie\u0144.<\/p>\n\n\n\n<h4 class=\"wp-block-heading\">Czy jest mo\u017cliwo\u015b\u0107 wsiadania lub wysiadania pod domem (door-to-door)?<\/h4>\n\n\n\n<p>Tak, jest taka mo\u017cliwo\u015b\u0107 jako us\u0142uga dodatkowa za op\u0142at\u0105. Cena jest ustalana indywidualnie dla ka\u017cdego przypadku.<\/p>\n\n\n\n<h4 class=\"wp-block-heading\">Czy bus zatrzymuje si\u0119 na ka\u017cdym przystanku?<\/h4>\n\n\n\n<p>Nie. Bus zatrzymuje si\u0119 tylko na przystankach, kt\u00f3re zosta\u0142y wskazane w czasie dokonywania rezerwacji. Je\u015bli jaki\u015b przystanek nie zosta\u0142 zarezerwowany przez pasa\u017cera, to zostanie pomini\u0119ty. Mo\u017ce si\u0119 to wi\u0105za\u0107 ze zmian\u0105 trasy przejazdu, skr\u00f3ceniem trasy lub skr\u00f3ceniem czasu przejazdu, ewentualnie niewielkim przesuni\u0119ciem godziny odjazdu.<\/p>\n\n\n\n<h4 class=\"wp-block-heading\">Czy mog\u0119 dojecha\u0107 z wioski poza g\u0142\u00f3wn\u0105 tras\u0105 przejazdu?<\/h4>\n\n\n\n<p>Tak. Jest mo\u017cliwo\u015b\u0107 zam\u00f3wienia zjazdu z g\u0142\u00f3wnej trasy i zajechania do wioski po pasa\u017cera. Na przyk\u0142ad, na trasie Wrze\u015bnia &#8211; \u015aroda Wlkp. mo\u017cna zam\u00f3wi\u0107 zajazd do wsi Bia\u0142\u0119\u017cyce, Chwalibogowo, Chocicza Ma\u0142a, Murzynowo Ko\u015bcielne, czy Rusib\u00f3rz. Mo\u017ce si\u0119 to wi\u0105za\u0107 z wyd\u0142u\u017ceniem czasu i trasy przejazdu oraz przesuni\u0119ciem godziny odjazdu.<\/p>\n\n\n\n<h4 class=\"wp-block-heading\">Czy we Wrze\u015bni i \u015arodzie Wlkp. bus jedzie tylko do szpitala?<\/h4>\n\n\n\n<p>Nie, bus mo\u017ce zatrzymywa\u0107 si\u0119 te\u017c w innych miejscach na terenie miasta. Je\u015bli jakiego\u015b miejsca nie ma w rozk\u0142adzie jazdy, to mo\u017cna zam\u00f3wi\u0107 dojazd do indywidualnie wskazanego miejsca.<\/p>\n\n\n\n<h4 class=\"wp-block-heading\">Co to jest przystanek g\u0142\u00f3wny?<\/h4>\n\n\n\n<p>Jest to przystanek oznaczony w rozk\u0142adzie jazdy symbolem [G\u0141]. Przejazd od jednego przystanku g\u0142\u00f3wnego do drugiego jest najta\u0144szy. Za zatrzymanie na pozosta\u0142ych przystankach mo\u017ce by\u0107 pobierana dodatkowa op\u0142ata wliczona w cen\u0119 biletu.<\/p>\n\n\n\n<h4 class=\"wp-block-heading\">Czy mog\u0119 kupi\u0107 bilet na cz\u0119\u015b\u0107 trasy, np. wsiadam w Zberkach i wysiadam w \u015arodzie Wlkp. na ul. Kili\u0144skiego?<\/h4>\n\n\n\n<p>Tak. Przejazd z\/do innego przystanku ni\u017c g\u0142\u00f3wny jest mo\u017cliwy, ale mo\u017ce si\u0119 wi\u0105za\u0107 z nieco wy\u017csz\u0105 cen\u0105 biletu.<\/p>\n\n\n\n<h3 class=\"wp-block-heading has-text-align-center\"><strong>KURSY I ROZK\u0141AD JAZDY<\/strong><\/h3>\n\n\n\n<h4 class=\"wp-block-heading\">Gdzie sprawdzi\u0107 rozk\u0142ad jazdy Szpitalbusa?<\/h4>\n\n\n\n<p>Rozk\u0142ad jazdy mo\u017cna sprawdzi\u0107 poprzez wybranie trasy na stronie g\u0142\u00f3wnej.<\/p>\n\n\n\n<h4 class=\"wp-block-heading\">Czy bus kursuje regularnie tak jak autobus?<\/h4>\n\n\n\n<p>Nie, poniewa\u017c w przewozach okazjonalnych nie ma sta\u0142ego rozk\u0142adu jazdy. Trasa przejazdu te\u017c podlega modyfikacjom. Zale\u017cy to od zam\u00f3wie\u0144 sk\u0142adanych przez pasa\u017cer\u00f3w. Szpitalbus przedstawia propozycj\u0119 dni i godzin przejazd\u00f3w, kt\u00f3re na bie\u017c\u0105co mog\u0105 ulega\u0107 zmianie w zale\u017cno\u015bci od zam\u00f3wie\u0144 pasa\u017cer\u00f3w.<\/p>\n\n\n\n<h4 class=\"wp-block-heading\">Czy bus zawsze jedzie o podanej porze?<\/h4>\n\n\n\n<p>Bus nie zawsze jedzie. Je\u015bli na dany kurs nie zostanie zebrana minimalna grupa pasa\u017cer\u00f3w, to kurs zostanie odwo\u0142any.<\/p>\n\n\n\n<h4 class=\"wp-block-heading\">Czy mo\u017cna je\u017adzi\u0107 regularnie do pracy?<\/h4>\n\n\n\n<p>Tak, je\u015bli w po\u017c\u0105danych przez pasa\u017cera dniach i godzinach bus kursuje. Szpitalbus co do zasady nie kursuje regularnie, ale grupa pasa\u017cer\u00f3w mo\u017ce dokona\u0107 rezerwacji na przejazdy w okre\u015blonych dniach i godzinach. Nie ma potrzeby wskazywania celu podr\u00f3\u017cy.<\/p>\n\n\n\n<h4 class=\"wp-block-heading\">Czy godzina odjazdu i przyjazdu busa jest dok\u0142adna?<\/h4>\n\n\n\n<p>Godzina odjazdu lub przyjazdu busa jest orientacyjna. Oznacza to, \u017ce ze wzgl\u0119du na warunki panuj\u0105ce na drodze lub w zwi\u0105zku z zam\u00f3wieniami pasa\u017cer\u00f3w rzeczywista godzina odjazdu mo\u017ce by\u0107 op\u00f3\u017aniona do oko\u0142o 20 minut, jak r\u00f3wnie\u017c przyspieszona do oko\u0142o 10 minut wzgl\u0119dem czasu podanego w rozk\u0142adzie jazdy w dniu odjazdu. W przypadku wi\u0119kszych op\u00f3\u017anie\u0144 lub problem\u00f3w w realizacji kursu, stosowne informacje b\u0119d\u0105 si\u0119 pojawia\u0142y na stronie g\u0142\u00f3wnej. B\u0119dzie te\u017c mo\u017cna wys\u0142a\u0107 zapytanie SMS na infolini\u0119 odno\u015bnie danego kursu.<\/p>\n\n\n\n<h4 class=\"wp-block-heading\">Czy czas odjazdu wskazany w rezerwacji lub na bilecie jest obowi\u0105zuj\u0105cy?<\/h4>\n\n\n\n<p>Nie, jest to jedynie czas orientacyjny. <\/p>\n\n\n\n<h4 class=\"wp-block-heading\">Dlaczego rozk\u0142ad jazdy si\u0119 zmienia i do kiedy?<\/h4>\n\n\n\n<p>W przewozach okazjonalnych rozk\u0142ad jazdy ulega zmianie w zwi\u0105zku z zam\u00f3wieniami kolejnych klient\u00f3w, kt\u00f3re mog\u0105 wyd\u0142u\u017ca\u0107 czas przejazdu lub powodowa\u0107 zmian\u0119 trasy. Rozk\u0142ad jazdy na dany kurs jest zwykle zamykany na 3 dni przed planowanym dniem odjazdu. W indywidualnych przypadkach mo\u017cliwe s\u0105 dodatkowe modyfikacje po tym terminie, ale mog\u0105 nie zosta\u0107 uwzgl\u0119dnione ze wzgl\u0119du na innych pasa\u017cer\u00f3w, kt\u00f3rzy ju\u017c dokonali rezerwacji.<\/p>\n\n\n\n<h3 class=\"wp-block-heading has-text-align-center\"><strong> PASA\u017bEROWIE, BAGA\u017b I PACZKI<\/strong><\/h3>\n\n\n\n<h4 class=\"wp-block-heading\">Czy dziecko mo\u017ce podr\u00f3\u017cowa\u0107 Szpitalbusem?<\/h4>\n\n\n\n<p>Tak. W przypadku dziecka o wzro\u015bcie poni\u017cej 150 cm wymagany jest w\u0142a\u015bciwy fotelik. Szpitalbus nie zawsze mo\u017ce mie\u0107 na stanie wolny fotelik, dlatego zalecane jest posiadanie w\u0142asnego fotelika przez pasa\u017cera. <\/p>\n\n\n\n<h4 class=\"wp-block-heading\">Czy grupa zorganizowana, jak np. kibice lub pracownicy, mo\u017ce wynaj\u0105\u0107 busa?<\/h4>\n\n\n\n<p>Tak. Wystarczy zg\u0142osi\u0107 zapotrzebowanie na przew\u00f3z okre\u015blaj\u0105c liczb\u0119 os\u00f3b, tras\u0119, dzie\u0144 i godzin\u0119 przejazdu. Podr\u00f3\u017c odbywa si\u0119 zawsze z kierowc\u0105 Szpitalbusa. Je\u015bli pozostaj\u0105 wolne miejsca w busie, inne osoby spoza tej grupy mog\u0105 kupi\u0107 bilety na przejazd. Obowi\u0105zuje zasada, \u017ce kto szybciej dokona rezerwacji na dany kurs, ten ma pierwsze\u0144stwo przejazdu.<\/p>\n\n\n\n<h4 class=\"wp-block-heading\">Czy Szpitalbus organizuje przewozy na imprezy do Poznania lub s\u0105siednich miast?<\/h4>\n\n\n\n<p>Tak. Mo\u017cliwe jest wynaj\u0119cie busa na przejazd na imprez\u0119 jako grupa zorganizowana. Mo\u017cliwe jest r\u00f3wnie\u017c zorganizowanie kursu w nocy, na przyk\u0142ad nocnego powrotu z Poznania do Wrze\u015bni.<\/p>\n\n\n\n<h4 class=\"wp-block-heading\">Czy mo\u017cna przewozi\u0107 baga\u017c?<\/h4>\n\n\n\n<p>Tak. Je\u015bli baga\u017c mie\u015bci si\u0119 na kolanach pasa\u017cera lub pod nogami i nie wystaje poza obrys zaj\u0119tego miejsca, to mo\u017cna  go przewozi\u0107 bezp\u0142atnie. W pozosta\u0142ych przypadkach pobierana jest dop\u0142ata do biletu.<\/p>\n\n\n\n<h4 class=\"wp-block-heading\">Ile maksymalnie os\u00f3b mie\u015bci si\u0119 w busie?<\/h4>\n\n\n\n<p>W busie mie\u015bci si\u0119 maksymalnie 8 pasa\u017cer\u00f3w. Nie ma mo\u017cliwo\u015bci nabycia biletu, gdy bus jest pe\u0142ny.<\/p>\n\n\n\n<h4 class=\"wp-block-heading\">Czy mo\u017cna nada\u0107 paczk\u0119?<\/h4>\n\n\n\n<p>Chwilowo nie, ale przesy\u0142anie paczek jako przesy\u0142ek konduktorskich b\u0119dzie wkr\u00f3tce mo\u017cliwe.<\/p>\n\n\n\n<h4 class=\"wp-block-heading\">Czy mo\u017cna zam\u00f3wi\u0107 przew\u00f3z rzeczy busem bez przejazdu pasa\u017cera?<\/h4>\n\n\n\n<p>Tak. Musz\u0119 to tylko by\u0107 takie rzeczy, kt\u00f3re zmieszcz\u0105 si\u0119 w busie i b\u0119dzie mo\u017cliwo\u015b\u0107 ich zabezpieczenia, np. szafki, stoliki, rury, niekt\u00f3re materia\u0142y budowlane, zakupy.<\/p>\n\n\n\n<h4 class=\"wp-block-heading\">Czy mo\u017cna przewozi\u0107 zwierz\u0119ta?<\/h4>\n\n\n\n<p>Tak. Wymaga to jednak zabezpieczenia zwierz\u0119cia tak, by nie stanowi\u0142o zagro\u017cenia dla innych pasa\u017cer\u00f3w i nie by\u0142o dla nich uci\u0105\u017cliwe. W przypadku przewozu psa, pies musi mie\u0107 za\u0142o\u017cony kaganiec i by\u0107 pod \u015bcis\u0142ym nadzorem pasa\u017cera. W przypadku kota, kot musi by\u0107 przewo\u017cony w transporterze lub przez ca\u0142y czas trzymany na r\u0119kach przez pasa\u017cera. Niespe\u0142nienie tych warunk\u00f3w spowoduje odmow\u0119 wykonania przewozu. Przew\u00f3z innych zwierz\u0105t uzgadnia si\u0119 indywidualnie. Przew\u00f3z zwierz\u0105t odbywa si\u0119 za dop\u0142at\u0105.<\/p>\n\n\n\n<h4 class=\"wp-block-heading\">Czy mo\u017cna przewozi\u0107 rower?<\/h4>\n\n\n\n<p>Tak, je\u017celi zmie\u015bci si\u0119 do busa i da si\u0119 go zabezpieczy\u0107. W przypadku zablokowania miejsc dla pasa\u017cer\u00f3w z powodu przewo\u017conego roweru, nale\u017cy wykupi\u0107 tyle bilet\u00f3w, ile miejsc zosta\u0142o zablokowanych.<\/p>\n\n\n\n<h3 class=\"wp-block-heading has-text-align-center\"><strong>BILETY<\/strong><\/h3>\n\n\n\n<h4 class=\"wp-block-heading\">Czym si\u0119 r\u00f3\u017cni bilet od rezerwacji?<\/h4>\n\n\n\n<p><strong>Rezerwacja <\/strong>jest to potwierdzenie umowy przewozu b\u0119d\u0105ce wyra\u017ceniem ch\u0119ci przejazdu przez pasa\u017cera, gdy jeszcze wykonanie przewozu nie jest pewne. Rezerwacji dokonuje si\u0119 z wyprzedzeniem, zwykle co najmniej kilkudniowym, a\u017c do zamkni\u0119cia listy rezerwacyjnej. Rezerwacja zostaje potwierdzona po dokonaniu op\u0142aty.  Samo dokonanie rezerwacji nie powoduje, \u017ce przejazd jest pewny, gdy\u017c kurs mo\u017ce zosta\u0107 odwo\u0142any np. na skutek zbyt ma\u0142ej liczby zg\u0142oszonych pasa\u017cer\u00f3w, czy te\u017c cena przejazdu mo\u017ce ulec zmianie do czasu wydania biletu. Rezygnacja z rezerwacji mo\u017ce powodowa\u0107 potr\u0105cenie odst\u0119pnego.<br><strong>Bilet<\/strong> jest potwierdzeniem zawarcia umowy przewozu po danej cenie i zarejestrowany na kasie fiskalnej (bileterce autobusowej). Bilet mo\u017ce mie\u0107 form\u0119 papierow\u0105 lub elektroniczn\u0105. W przypadku dokonania rezerwacji, bilety s\u0105 wydawane po zamkni\u0119ciu listy rezerwacyjnej. W pozosta\u0142ych przypadkach bilety mog\u0105 by\u0107 nabywane online lub stacjonarnie, zar\u00f3wno w formie papierowej, jak i elektronicznej. Cena wskazana na bilecie nie mo\u017ce zosta\u0107 zmieniona.<\/p>\n\n\n\n<h4 class=\"wp-block-heading\">Czy mo\u017cna negocjowa\u0107 cen\u0119 przejazdu?<\/h4>\n\n\n\n<p>Istnieje mo\u017cliwo\u015b\u0107 negocjacji ceny, szczeg\u00f3lnie w przypadku przejazdu wi\u0119kszych grup pasa\u017cer\u00f3w.  <\/p>\n\n\n\n<h4 class=\"wp-block-heading\">Czy cena mo\u017ce ulec zmianie?<\/h4>\n\n\n\n<p>Ceny bilet\u00f3w na dany kurs mog\u0105 ulega\u0107 zmianie, jak r\u00f3wnie\u017c mog\u0105 by\u0107 negocjowane, ale przed wystawieniem biletu. Ostatecznie obowi\u0105zuj\u0105ca jest cena wskazana na bilecie. Cena rezerwacji mo\u017ce si\u0119 zmienia\u0107 w czasie do momentu wystawienia biletu.<\/p>\n\n\n\n<h4 class=\"wp-block-heading\">Czy mo\u017cna kupi\u0107 bilet u kierowcy?<\/h4>\n\n\n\n<p>Kierowca nie sprzedaje bilet\u00f3w. Zalecamy dokonanie rezerwacji online na kilka dni przed odjazdem do czasu zamkni\u0119cia listy rezerwacyjnej. Mo\u017ce istnie\u0107 mo\u017cliwo\u015b\u0107 zakupu biletu w dniu odjazdu u konduktora, je\u015bli jest obecny w poje\u017adzie, w kasie mobilnej, je\u015bli jest dost\u0119pna, jak r\u00f3wnie\u017c poprzez kontakt SMS z dy\u017curnym ruchu. Nie s\u0105 to jednak opcje gwarantowane i nie zawsze s\u0105 dost\u0119pne. <\/p>\n\n\n\n<h4 class=\"wp-block-heading\">Jak kupi\u0107 bilet?<\/h4>\n\n\n\n<p>Jest kilka sposob\u00f3w:<br>1) online: op\u0142acenie i potwierdzenie rezerwacji &#8211; wtedy po zamkni\u0119ciu listy rezerwacyjnej rezerwacja zostaje automatycznie potwierdzona i wystawiany jest bilet online najp\u00f3\u017aniej do momentu odjazdu busa z przystanku pocz\u0105tkowego;<br>2) online: bez rezerwacji &#8211; po zamkni\u0119ciu listy rezerwacyjnej mo\u017cna naby\u0107 bilet online bez rezerwacji, ale ta opcja nie zawsze jest dost\u0119pna;<br>2) u konduktora &#8211; w poje\u017adzie mo\u017ce by\u0107 obecny konduktor z bileterk\u0105 autobusow\u0105, kt\u00f3ry b\u0119dzie sprzedawa\u0142 bilety na bie\u017c\u0105co i bez konieczno\u015bci wcze\u015bniejszej rezerwacji. Zakup biletu u konduktora jest mo\u017cliwy za dop\u0142at\u0105 (zale\u017cnie od kursu);<br>3) w kasie mobilnej &#8211; mo\u017ce zosta\u0107 podany dzie\u0144, godzina i miejsce, gdzie b\u0119d\u0105 sprzedawane bilety na r\u00f3\u017cne trasy bez konieczno\u015bci wcze\u015bniejszej rezerwacji. Zakup biletu w kasie mobilnej jest mo\u017cliwy za dop\u0142at\u0105 (zale\u017cnie od kursu);<\/p>\n\n\n\n<h4 class=\"wp-block-heading\">Jak dokona\u0107 rezerwacji?<\/h4>\n\n\n\n<p>W kilku krokach:<br>1) Prze\u015blij zg\u0142oszenie ch\u0119ci przejazdu na adres <a href=\"mailto:bilety@szpitalbus.pl\">bilety@szpitalbus.pl<\/a>  podaj\u0105c takie dane:<br>* data<br>* numer kursu<br>* przystanek pocz\u0105tkowy<br>* przystanek ko\u0144cowy<br>* miejsce wsiadania &#8211; je\u015bli jest inne ni\u017c przystanek pocz\u0105tkowy<br>* miejsce wysiadania &#8211; je\u015bli jest inne ni\u017c przystanek ko\u0144cowy<br>* us\u0142ugi dodatkowe, je\u015bli dotyczy (np. zajazd do wioski przy trasie, zatrzymanie poza przystankiem, przew\u00f3z baga\u017cu, przew\u00f3z psa, przew\u00f3z dziecka w foteliku, przew\u00f3z paczki)<br>* informacje dodatkowe (np. sugerowany przedzia\u0142 godzin od-do odjazdu lub przyjazdu, inne wa\u017cne informacje)<br><br>2) Otrzymasz odpowied\u017a, czy przejazd jest mo\u017cliwy. Je\u015bli tak, to otrzymasz dane do wp\u0142aty. Dokonaj wp\u0142aty i ode\u015blij prawid\u0142owo wype\u0142niony dow\u00f3d dokonania zap\u0142aty przelewem. Dane osobowe mo\u017cna zas\u0142oni\u0107.<br><br>3) Po pozytywnej weryfikacji wp\u0142aty otrzymasz dane rezerwacji, w tym jednorazowe has\u0142o dost\u0119pu. Zachowaj to has\u0142o w tajemnicy, gdy\u017c mo\u017cna je wykorzysta\u0107 tylko raz, chyba \u017ce chcesz przekaza\u0107 bilet inne osobie. Po zamkni\u0119ciu listy rezerwacyjnej na adres e-mail zostanie przes\u0142any bilet w formie elektronicznej (e-paragon). <br><br><strong>Uwaga<\/strong>: mo\u017ce to by\u0107 proces powolny i w mi\u0119dzyczasie kto\u015b inny mo\u017ce zarezerwowa\u0107 przejazd i zaj\u0105\u0107 miejsce. Zaleca si\u0119 zrobienie szybkiej rezerwacji.<br><\/p>\n\n\n\n<h4 class=\"wp-block-heading\">Jak szybko dokona\u0107 rezerwacji lub kupi\u0107 bilet online?<\/h4>\n\n\n\n<p>Prze\u015blij zg\u0142oszenie ch\u0119ci przejazdu ze wszystkimi danymi oraz potwierdzeniem wp\u0142aty. W prawie wszystkich przypadkach cen\u0119 biletu mo\u017cna odczyta\u0107 z cennika dla danego kursu.  W odpowiedzi rezerwacja zostanie potwierdzona i zostanie odes\u0142ane jednorazowe has\u0142o dost\u0119pu.<\/p>\n\n\n\n<h4 class=\"wp-block-heading\">Co to jest jednorazowe has\u0142o dost\u0119pu?<\/h4>\n\n\n\n<p>Jednorazowe has\u0142o dost\u0119pu jest to kod, kt\u00f3ry pasa\u017cer musi poda\u0107 kierowcy przy wsiadaniu do busa. Je\u015bli ten  kod znajdzie si\u0119 na li\u015bcie kod\u00f3w u kierowcy, to pasa\u017cer zostanie wpuszczony. Jest to kod jednorazowy, wi\u0119c po pierwszym u\u017cyciu jest niewa\u017cny. Aby unikn\u0105\u0107 ewentualnego pomylenia kodu, we\u017a ze sob\u0105 wydruk rezerwacji i jednorazowego has\u0142a dost\u0119pu albo przechowuj je na telefonie, aby w razie problemu pokaza\u0107 kierowcy.<\/p>\n\n\n\n<h4 class=\"wp-block-heading\">Lista rezerwacyjna na dany kurs zosta\u0142a zamkni\u0119ta. Co teraz?<\/h4>\n\n\n\n<p>Do czasu odjazdu busa nadal mo\u017cna zakupi\u0107 bilet, ale cz\u0119sto ju\u017c bez mo\u017cliwo\u015bci skorzystania z ni\u017cszych cen. Bilet mo\u017cna zam\u00f3wi\u0107 przez e-mail tak jak w przypadku rezerwacji. Ta us\u0142uga jest dodatkowo p\u0142atna. <\/p>\n\n\n\n<h4 class=\"wp-block-heading\">Chc\u0119 szybko kupi\u0107 bilet na dzisiaj. Co teraz?<\/h4>\n\n\n\n<p>Je\u015bli pozosta\u0142o niewiele czasu do odjazdu, to bilet mo\u017cna zam\u00f3wi\u0107 u dy\u017curnego ruchu poprzez infolini\u0119 SMS. Ta us\u0142uga jednak nie zawsze jest dost\u0119pna i jest dodatkowo p\u0142atna.<\/p>\n\n\n\n<h4 class=\"wp-block-heading\">Czy mo\u017cna zrobi\u0107 rezerwacj\u0119 lub kupi\u0107 bilet przez telefon?<\/h4>\n\n\n\n<p>Jest mo\u017cliwo\u015b\u0107 zam\u00f3wienia rezerwacji lub biletu przez SMS u dy\u017curnego ruchu. B\u0119dzie potrzebny adres e-mail do wys\u0142ania biletu elektronicznego. Niemniej jednak b\u0119dzie potrzebny adres e-mail pasa\u017cera do przes\u0142ania biletu elektronicznego w formie e-paragonu. Ta us\u0142uga jest dodatkowo p\u0142atna.<\/p>\n\n\n\n<h4 class=\"wp-block-heading\">Czy e-mail jest obowi\u0105zkowy?<\/h4>\n\n\n\n<p>Tak. W przypadku zakupu biletu online adres e-mail jest potrzebny przede wszystkim do przes\u0142ania biletu elektronicznego w formie<br>e-paragonu. <br><strong>UWAGA<\/strong>: Nie weryfikujemy poprawno\u015bci adresu e-mail ani jego w\u0142a\u015bciciela. Nie zbieramy danych osobowych pasa\u017cer\u00f3w. Wszelkie imiona i nazwiska traktujemy jak pseudonimy.<\/p>\n\n\n\n<h4 class=\"wp-block-heading\">Czy obowi\u0105zuje pierwsze\u0144stwo przejazdu?<\/h4>\n\n\n\n<p>Tak. W pierwszej kolejno\u015bci przyznawane s\u0105 miejsca dla rezerwacji z miejscowo\u015bci pocz\u0105tkowej do ko\u0144cowej na danym kursie, a nast\u0119pnie wed\u0142ug czasu zg\u0142oszenia si\u0119 &#8211; im wcze\u015bniej, tym wy\u017cszy priorytet. W przypadku wi\u0119kszej liczby rezerwacji ni\u017c miejsc na danym kursie, nadmiarowe rezerwacje zostan\u0105 anulowane a op\u0142aty zwr\u00f3cone, o ile takie rezerwacje nie b\u0119d\u0105 mog\u0142y by\u0107 przeniesione do innego kursu. <\/p>\n\n\n\n<h4 class=\"wp-block-heading\">Jak zam\u00f3wi\u0107 kurs, kt\u00f3rego nie ma w rozk\u0142adzie jazdy?<\/h4>\n\n\n\n<p>Wype\u0142nij formularz kontaktowy albo prze\u015blij swoj\u0105 wiadomo\u015b\u0107 bezpo\u015brednio na e-mail  <a href=\"mailto:kontakt@szpitalbus.pl\">kontakt@szpitalbus.pl<\/a> <\/p>\n\n\n\n<h4 class=\"wp-block-heading\">Jak zap\u0142aci\u0107 za bilety i rezerwacje?<\/h4>\n\n\n\n<p>1) Przelew bankowy &#8211; w przypadku zam\u00f3wie\u0144 online;<br>2) Got\u00f3wka &#8211; u konduktora lub w kasie mobilnej;<br>3) Przelew online &#8211; u dy\u017curnego ruchu;<br>4) BLIK na telefon &#8211; opcja b\u0119dzie wkr\u00f3tce dost\u0119pna.<\/p>\n\n\n\n<h4 class=\"wp-block-heading\">Czy bilet jest na okaziciela?<\/h4>\n\n\n\n<p>Tak. Podczas zakupu rezerwacji lub biletu nie zbieramy danych osobowych. Dane osoby dokonuj\u0105cej op\u0142aty za bilet i pasa\u017cera nie s\u0105 weryfikowane.<\/p>\n\n\n\n<h4 class=\"wp-block-heading\">Czy mog\u0119 przekaza\u0107 bilet innej osobie?<\/h4>\n\n\n\n<p>Tak. Otrzymane jednorazowe has\u0142o dost\u0119pu do danego biletu jest wa\u017cne na dany kurs dla pierwszej osoby, kt\u00f3ra z tym has\u0142em zg\u0142osi si\u0119 kierowcy. Prawo przejazdu mo\u017cna przekaza\u0107 dowolnej osobie spe\u0142niaj\u0105cej warunki przewozu na danym bilecie.<\/p>\n\n\n\n<h4 class=\"wp-block-heading\">Zmieni\u0142y si\u0119 moje plany i nie pojad\u0119 tym kursem. Co teraz?<\/h4>\n\n\n\n<p>Mo\u017cesz przekaza\u0107 bilet i jednorazowe has\u0142o dost\u0119pu innej osobie bez \u017cadnych dop\u0142at. Mo\u017cna te\u017c dokona\u0107 zwrotu biletu lub rezerwacji z potr\u0105ceniem odst\u0119pnego.<\/p>\n\n\n\n<h4 class=\"wp-block-heading\">Czy mo\u017cna kupi\u0107 bilet miesi\u0119czny?<\/h4>\n\n\n\n<p>Szpitalbus to przewozy okazjonalne, wi\u0119c nie jest mo\u017cliwy zakup biletu miesi\u0119cznego jak na autobus lub poci\u0105g. Mo\u017cna jednak za jednym razem dokona\u0107 rezerwacji lub naby\u0107 bilety na kursy na wiele dni do przodu, co b\u0119dzie mia\u0142o taki sam skutek, jak zakup biletu miesi\u0119cznego, czy innego biletu wieloprzejazdowego. Zakupienie takich bilet\u00f3w przez grup\u0119 kilku pasa\u017cer\u00f3w spowoduje, \u017ce kurs b\u0119dzie wykonany.<\/p>\n\n\n\n<h4 class=\"wp-block-heading\">Czy s\u0105 ulgi ustawowe?<\/h4>\n\n\n\n<p>W przewozach okazjonalnych nie obowi\u0105zuj\u0105 ulgi ustawowe. P\u0142aci si\u0119 pe\u0142n\u0105 cen\u0105 za bilet, ale mog\u0105 si\u0119 pojawia\u0107 promocje z ta\u0144szymi biletami. Warto te\u017c kupowa\u0107 bilety grupowe, wtedy ceny s\u0105 znacznie ni\u017csze ni\u017c przy zakupie pojedynczego biletu.<\/p>\n\n\n\n<p><\/p>\n","protected":false},"excerpt":{"rendered":"<p>Pytania i odpowiedzi Co to jest Szpitalbus? Szpitalbus to jest us\u0142uga transportowa &#8211; okazjonalny przew\u00f3z os\u00f3b na trasie Wrze\u015bnia, szpital &#8211; \u015aroda Wlkp., szpital. S\u0105 to licencjonowane i legalne przewozy realizowane 9-osobowym busem. Przew\u00f3z os\u00f3b odbywa si\u0119 po zebraniu grupy pasa\u017cer\u00f3w ch\u0119tnych na przejazd w danym terminie. PRZYSTANKI Czy mo\u017cna dojecha\u0107 tylko do Wrze\u015bni i [&hellip;]<\/p>\n","protected":false},"author":1,"featured_media":0,"parent":0,"menu_order":0,"comment_status":"closed","ping_status":"closed","template":"","meta":{"footnotes":""},"class_list":["post-83","page","type-page","status-publish","hentry"],"_links":{"self":[{"href":"https:\/\/szpitalbus.pl\/index.php?rest_route=\/wp\/v2\/pages\/83","targetHints":{"allow":["GET"]}}],"collection":[{"href":"https:\/\/szpitalbus.pl\/index.php?rest_route=\/wp\/v2\/pages"}],"about":[{"href":"https:\/\/szpitalbus.pl\/index.php?rest_route=\/wp\/v2\/types\/page"}],"author":[{"embeddable":true,"href":"https:\/\/szpitalbus.pl\/index.php?rest_route=\/wp\/v2\/users\/1"}],"replies":[{"embeddable":true,"href":"https:\/\/szpitalbus.pl\/index.php?rest_route=%2Fwp%2Fv2%2Fcomments&post=83"}],"version-history":[{"count":22,"href":"https:\/\/szpitalbus.pl\/index.php?rest_route=\/wp\/v2\/pages\/83\/revisions"}],"predecessor-version":[{"id":115,"href":"https:\/\/szpitalbus.pl\/index.php?rest_route=\/wp\/v2\/pages\/83\/revisions\/115"}],"wp:attachment":[{"href":"https:\/\/szpitalbus.pl\/index.php?rest_route=%2Fwp%2Fv2%2Fmedia&parent=83"}],"curies":[{"name":"wp","href":"https:\/\/api.w.org\/{rel}","templated":true}]}}